{"id":830277,"date":"2025-06-13T14:20:44","date_gmt":"2025-06-13T14:20:44","guid":{"rendered":"https:\/\/www.novion.se\/?page_id=830277"},"modified":"2025-08-04T14:38:16","modified_gmt":"2025-08-04T14:38:16","slug":"flexibilitet","status":"publish","type":"page","link":"https:\/\/www.novion.se\/en\/flexibilitet\/","title":{"rendered":"Flexibilitet"},"content":{"rendered":"<div data-elementor-type=\"wp-page\" data-elementor-id=\"830277\" class=\"elementor elementor-830277\" data-elementor-post-type=\"page\">\n\t\t\t\t<div class=\"elementor-element elementor-element-6b4486dd e-con-full e-flex e-con e-parent\" data-id=\"6b4486dd\" data-element_type=\"container\" data-e-type=\"container\" data-settings=\"{&quot;background_background&quot;:&quot;classic&quot;}\">\n\t\t<div class=\"elementor-element elementor-element-5df0235b e-con-full e-flex e-con e-child\" data-id=\"5df0235b\" data-element_type=\"container\" data-e-type=\"container\">\n\t\t\t\t<div class=\"elementor-element elementor-element-43e65a4d elementor-widget__width-initial elementor-widget-tablet__width-inherit elementor-widget elementor-widget-heading\" data-id=\"43e65a4d\" data-element_type=\"widget\" data-e-type=\"widget\" data-widget_type=\"heading.default\">\n\t\t\t\t<div class=\"elementor-widget-container\">\n\t\t\t\t\t<h2 class=\"elementor-heading-title elementor-size-default\">Vi jobbar med flexibilitet f\u00f6r smartare eln\u00e4t! <\/h2>\t\t\t\t<\/div>\n\t\t\t\t<\/div>\n\t\t\t\t<\/div>\n\t\t\t\t<\/div>\n\t\t<div class=\"elementor-element elementor-element-8e8de70 e-flex e-con-boxed e-con e-parent\" data-id=\"8e8de70\" data-element_type=\"container\" data-e-type=\"container\" data-settings=\"{&quot;background_background&quot;:&quot;classic&quot;}\">\n\t\t\t\t\t<div class=\"e-con-inner\">\n\t\t\t\t<div class=\"elementor-element elementor-element-5a6fdde elementor-widget elementor-widget-spacer\" data-id=\"5a6fdde\" data-element_type=\"widget\" data-e-type=\"widget\" data-widget_type=\"spacer.default\">\n\t\t\t\t<div class=\"elementor-widget-container\">\n\t\t\t\t\t\t\t<div class=\"elementor-spacer\">\n\t\t\t<div class=\"elementor-spacer-inner\"><\/div>\n\t\t<\/div>\n\t\t\t\t\t\t<\/div>\n\t\t\t\t<\/div>\n\t\t\t\t\t<\/div>\n\t\t\t\t<\/div>\n\t\t<div class=\"elementor-element elementor-element-e4fc6b9 e-flex e-con-boxed e-con e-parent\" data-id=\"e4fc6b9\" data-element_type=\"container\" data-e-type=\"container\" data-settings=\"{&quot;background_background&quot;:&quot;classic&quot;}\">\n\t\t\t\t\t<div class=\"e-con-inner\">\n\t\t\t\t<div class=\"elementor-element elementor-element-48628a5 elementor-widget elementor-widget-heading\" data-id=\"48628a5\" data-element_type=\"widget\" data-e-type=\"widget\" data-widget_type=\"heading.default\">\n\t\t\t\t<div class=\"elementor-widget-container\">\n\t\t\t\t\t<h2 class=\"elementor-heading-title elementor-size-default\">Vad \u00e4r Flexibilitet?<\/h2>\t\t\t\t<\/div>\n\t\t\t\t<\/div>\n\t\t\t\t\t<\/div>\n\t\t\t\t<\/div>\n\t\t<div class=\"elementor-element elementor-element-4162c91 e-flex e-con-boxed e-con e-parent\" data-id=\"4162c91\" data-element_type=\"container\" data-e-type=\"container\" data-settings=\"{&quot;background_background&quot;:&quot;classic&quot;}\">\n\t\t\t\t\t<div class=\"e-con-inner\">\n\t\t\t\t<div class=\"elementor-element elementor-element-a2c5eef elementor-widget elementor-widget-text-editor\" data-id=\"a2c5eef\" data-element_type=\"widget\" data-e-type=\"widget\" data-widget_type=\"text-editor.default\">\n\t\t\t\t<div class=\"elementor-widget-container\">\n\t\t\t\t\t\t\t\t\t<p>Flexibilitet inneb\u00e4r att man som kund till ett eln\u00e4t kan vara flexibel med sin konsumtion eller produktion f\u00f6r att st\u00f6tta eln\u00e4tet. Beroende p\u00e5 vilket s\u00e4tt man kan vara flexibel kan olika akt\u00f6rer vara intresserade av att betala f\u00f6r dina tj\u00e4nster. Klicka vidare f\u00f6r att l\u00e4sa mer om flexibilitet via st\u00f6dtj\u00e4nster, flexibilitetsmarknader eller villkorade avtal.\u00a0<\/p>\t\t\t\t\t\t\t\t<\/div>\n\t\t\t\t<\/div>\n\t\t\t\t\t<\/div>\n\t\t\t\t<\/div>\n\t\t<div class=\"elementor-element elementor-element-9e45a16 e-grid e-con-boxed e-con e-parent\" data-id=\"9e45a16\" data-element_type=\"container\" data-e-type=\"container\" data-settings=\"{&quot;background_background&quot;:&quot;classic&quot;}\">\n\t\t\t\t\t<div class=\"e-con-inner\">\n\t\t\t\t<div class=\"elementor-element elementor-element-7dbfec8 elementor-widget__width-initial elementor-widget elementor-widget-premium-addon-image-button\" data-id=\"7dbfec8\" data-element_type=\"widget\" data-e-type=\"widget\" data-widget_type=\"premium-addon-image-button.default\">\n\t\t\t\t<div class=\"elementor-widget-container\">\n\t\t\t\t\t\r\n\t\t<a class=\"premium-image-button-style1 premium-image-button premium-btn-lg premium-image-button-style1-bottom\" href=\"https:\/\/www.novion.se\/en\/flexibilitet\/flexibilitet-stodtjanster\/\">\r\n\t\t\t<div class=\"premium-image-button-text-icon-wrapper\">\r\n\r\n\t\t\t\t\r\n\t\t\t\t\t\t\t\t\t<span >\r\n\t\t\t\t\t\tSt\u00f6dtj\u00e4nster\t\t\t\t\t<\/span>\r\n\t\t\t\t\r\n\t\t\t<\/div>\r\n\r\n\t\t\t\r\n\t\t\t\r\n\t\t\t\r\n\t\t<\/a>\r\n\r\n\t\t\t\t\t\t<\/div>\n\t\t\t\t<\/div>\n\t\t\t\t<div class=\"elementor-element elementor-element-4cb43a3 elementor-widget__width-initial elementor-widget elementor-widget-premium-addon-image-button\" data-id=\"4cb43a3\" data-element_type=\"widget\" data-e-type=\"widget\" data-widget_type=\"premium-addon-image-button.default\">\n\t\t\t\t<div class=\"elementor-widget-container\">\n\t\t\t\t\t\r\n\t\t<a class=\"premium-image-button-style1 premium-image-button premium-btn-lg premium-image-button-style1-bottom\" href=\"https:\/\/www.novion.se\/en\/flexibilitet\/lokal-flexibilitetsmarknad\/\">\r\n\t\t\t<div class=\"premium-image-button-text-icon-wrapper\">\r\n\r\n\t\t\t\t\r\n\t\t\t\t\t\t\t\t\t<span >\r\n\t\t\t\t\t\tFlexibilitetsmarknader\t\t\t\t\t<\/span>\r\n\t\t\t\t\r\n\t\t\t<\/div>\r\n\r\n\t\t\t\r\n\t\t\t\r\n\t\t\t\r\n\t\t<\/a>\r\n\r\n\t\t\t\t\t\t<\/div>\n\t\t\t\t<\/div>\n\t\t\t\t<div class=\"elementor-element elementor-element-38c2265 elementor-widget__width-initial elementor-widget elementor-widget-premium-addon-image-button\" data-id=\"38c2265\" data-element_type=\"widget\" data-e-type=\"widget\" data-widget_type=\"premium-addon-image-button.default\">\n\t\t\t\t<div class=\"elementor-widget-container\">\n\t\t\t\t\t\r\n\t\t<a class=\"premium-image-button-style1 premium-image-button premium-btn-lg premium-image-button-style1-bottom\" href=\"https:\/\/www.novion.se\/en\/flexibilitet\/villkorat-anslutningsavtal\/\">\r\n\t\t\t<div class=\"premium-image-button-text-icon-wrapper\">\r\n\r\n\t\t\t\t\r\n\t\t\t\t\t\t\t\t\t<span >\r\n\t\t\t\t\t\tVillkorade Avtal\t\t\t\t\t<\/span>\r\n\t\t\t\t\r\n\t\t\t<\/div>\r\n\r\n\t\t\t\r\n\t\t\t\r\n\t\t\t\r\n\t\t<\/a>\r\n\r\n\t\t\t\t\t\t<\/div>\n\t\t\t\t<\/div>\n\t\t\t\t\t<\/div>\n\t\t\t\t<\/div>\n\t\t<div class=\"elementor-element elementor-element-4f9229e e-flex e-con-boxed e-con e-parent\" data-id=\"4f9229e\" data-element_type=\"container\" data-e-type=\"container\" data-settings=\"{&quot;background_background&quot;:&quot;classic&quot;}\">\n\t\t\t\t\t<div class=\"e-con-inner\">\n\t\t\t\t<div class=\"elementor-element elementor-element-5556551 elementor-widget__width-initial elementor-widget elementor-widget-premium-addon-image-button\" data-id=\"5556551\" data-element_type=\"widget\" data-e-type=\"widget\" data-widget_type=\"premium-addon-image-button.default\">\n\t\t\t\t<div class=\"elementor-widget-container\">\n\t\t\t\t\t\r\n\t\t<a class=\"premium-image-button-style1 premium-image-button premium-btn-lg premium-image-button-style1-bottom\" href=\"https:\/\/www.novion.se\/en\/technologies\/kontakta-oss\/\">\r\n\t\t\t<div class=\"premium-image-button-text-icon-wrapper\">\r\n\r\n\t\t\t\t\r\n\t\t\t\t\t\t\t\t\t<span >\r\n\t\t\t\t\t\tContact us\t\t\t\t\t<\/span>\r\n\t\t\t\t\r\n\t\t\t<\/div>\r\n\r\n\t\t\t\r\n\t\t\t\r\n\t\t\t\r\n\t\t<\/a>\r\n\r\n\t\t\t\t\t\t<\/div>\n\t\t\t\t<\/div>\n\t\t\t\t\t<\/div>\n\t\t\t\t<\/div>\n\t\t\t\t<\/div>","protected":false},"excerpt":{"rendered":"<p>Vi jobbar med flexibilitet f\u00f6r smartare eln\u00e4t! Vad \u00e4r Flexibilitet? Flexibilitet inneb\u00e4r att man som kund till ett eln\u00e4t kan vara flexibel med sin konsumtion eller produktion f\u00f6r att st\u00f6tta eln\u00e4tet. Beroende p\u00e5 vilket s\u00e4tt man kan vara flexibel kan olika akt\u00f6rer vara intresserade av att betala f\u00f6r dina tj\u00e4nster. Klicka vidare f\u00f6r att l\u00e4sa [&hellip;]<\/p>\n","protected":false},"author":2,"featured_media":0,"parent":0,"menu_order":0,"comment_status":"closed","ping_status":"closed","template":"elementor_header_footer","meta":{"footnotes":""},"class_list":["post-830277","page","type-page","status-publish","hentry"],"yoast_head":"<!-- This site is optimized with the Yoast SEO plugin v27.1.1 - https:\/\/yoast.com\/product\/yoast-seo-wordpress\/ -->\n<title>Flexibilitet - Novion<\/title>\n<meta name=\"robots\" content=\"index, follow, max-snippet:-1, max-image-preview:large, max-video-preview:-1\" \/>\n<link rel=\"canonical\" href=\"https:\/\/www.novion.se\/en\/flexibilitet\/\" \/>\n<meta property=\"og:locale\" content=\"en_GB\" \/>\n<meta property=\"og:type\" content=\"article\" \/>\n<meta property=\"og:title\" content=\"Flexibilitet - Novion\" \/>\n<meta property=\"og:description\" content=\"Vi jobbar med flexibilitet f\u00f6r smartare eln\u00e4t! Vad \u00e4r Flexibilitet? Flexibilitet inneb\u00e4r att man som kund till ett eln\u00e4t kan vara flexibel med sin konsumtion eller produktion f\u00f6r att st\u00f6tta eln\u00e4tet. Beroende p\u00e5 vilket s\u00e4tt man kan vara flexibel kan olika akt\u00f6rer vara intresserade av att betala f\u00f6r dina tj\u00e4nster. Klicka vidare f\u00f6r att l\u00e4sa [&hellip;]\" \/>\n<meta property=\"og:url\" content=\"https:\/\/www.novion.se\/en\/flexibilitet\/\" \/>\n<meta property=\"og:site_name\" content=\"Novion\" \/>\n<meta property=\"article:modified_time\" content=\"2025-08-04T14:38:16+00:00\" \/>\n<meta name=\"twitter:card\" content=\"summary_large_image\" \/>\n<meta name=\"twitter:label1\" content=\"Estimated reading time\" \/>\n\t<meta name=\"twitter:data1\" content=\"1 minute\" \/>\n<script type=\"application\/ld+json\" class=\"yoast-schema-graph\">{\"@context\":\"https:\/\/schema.org\",\"@graph\":[{\"@type\":\"WebPage\",\"@id\":\"https:\/\/www.novion.se\/en\/flexibilitet\/\",\"url\":\"https:\/\/www.novion.se\/en\/flexibilitet\/\",\"name\":\"Flexibilitet - Novion\",\"isPartOf\":{\"@id\":\"https:\/\/www.novion.se\/#website\"},\"datePublished\":\"2025-06-13T14:20:44+00:00\",\"dateModified\":\"2025-08-04T14:38:16+00:00\",\"breadcrumb\":{\"@id\":\"https:\/\/www.novion.se\/en\/flexibilitet\/#breadcrumb\"},\"inLanguage\":\"en-GB\",\"potentialAction\":[{\"@type\":\"ReadAction\",\"target\":[\"https:\/\/www.novion.se\/en\/flexibilitet\/\"]}]},{\"@type\":\"BreadcrumbList\",\"@id\":\"https:\/\/www.novion.se\/en\/flexibilitet\/#breadcrumb\",\"itemListElement\":[{\"@type\":\"ListItem\",\"position\":1,\"name\":\"Home\",\"item\":\"https:\/\/www.novion.se\/\"},{\"@type\":\"ListItem\",\"position\":2,\"name\":\"Flexibilitet\"}]},{\"@type\":\"WebSite\",\"@id\":\"https:\/\/www.novion.se\/#website\",\"url\":\"https:\/\/www.novion.se\/\",\"name\":\"Novion\",\"description\":\"Sustainability through innovation\",\"publisher\":{\"@id\":\"https:\/\/www.novion.se\/#organization\"},\"potentialAction\":[{\"@type\":\"SearchAction\",\"target\":{\"@type\":\"EntryPoint\",\"urlTemplate\":\"https:\/\/www.novion.se\/?s={search_term_string}\"},\"query-input\":{\"@type\":\"PropertyValueSpecification\",\"valueRequired\":true,\"valueName\":\"search_term_string\"}}],\"inLanguage\":\"en-GB\"},{\"@type\":\"Organization\",\"@id\":\"https:\/\/www.novion.se\/#organization\",\"name\":\"Novion\",\"url\":\"https:\/\/www.novion.se\/\",\"logo\":{\"@type\":\"ImageObject\",\"inLanguage\":\"en-GB\",\"@id\":\"https:\/\/www.novion.se\/#\/schema\/logo\/image\/\",\"url\":\"https:\/\/www.novion.se\/wp-content\/uploads\/2023\/06\/novion_transparent.png\",\"contentUrl\":\"https:\/\/www.novion.se\/wp-content\/uploads\/2023\/06\/novion_transparent.png\",\"width\":700,\"height\":300,\"caption\":\"Novion\"},\"image\":{\"@id\":\"https:\/\/www.novion.se\/#\/schema\/logo\/image\/\"}}]}<\/script>\n<!-- \/ Yoast SEO plugin. -->","yoast_head_json":{"title":"Flexibilitet - Novion","robots":{"index":"index","follow":"follow","max-snippet":"max-snippet:-1","max-image-preview":"max-image-preview:large","max-video-preview":"max-video-preview:-1"},"canonical":"https:\/\/www.novion.se\/en\/flexibilitet\/","og_locale":"en_GB","og_type":"article","og_title":"Flexibilitet - Novion","og_description":"Vi jobbar med flexibilitet f\u00f6r smartare eln\u00e4t! Vad \u00e4r Flexibilitet? Flexibilitet inneb\u00e4r att man som kund till ett eln\u00e4t kan vara flexibel med sin konsumtion eller produktion f\u00f6r att st\u00f6tta eln\u00e4tet. Beroende p\u00e5 vilket s\u00e4tt man kan vara flexibel kan olika akt\u00f6rer vara intresserade av att betala f\u00f6r dina tj\u00e4nster. Klicka vidare f\u00f6r att l\u00e4sa [&hellip;]","og_url":"https:\/\/www.novion.se\/en\/flexibilitet\/","og_site_name":"Novion","article_modified_time":"2025-08-04T14:38:16+00:00","twitter_card":"summary_large_image","twitter_misc":{"Estimated reading time":"1 minute"},"schema":{"@context":"https:\/\/schema.org","@graph":[{"@type":"WebPage","@id":"https:\/\/www.novion.se\/en\/flexibilitet\/","url":"https:\/\/www.novion.se\/en\/flexibilitet\/","name":"Flexibilitet - Novion","isPartOf":{"@id":"https:\/\/www.novion.se\/#website"},"datePublished":"2025-06-13T14:20:44+00:00","dateModified":"2025-08-04T14:38:16+00:00","breadcrumb":{"@id":"https:\/\/www.novion.se\/en\/flexibilitet\/#breadcrumb"},"inLanguage":"en-GB","potentialAction":[{"@type":"ReadAction","target":["https:\/\/www.novion.se\/en\/flexibilitet\/"]}]},{"@type":"BreadcrumbList","@id":"https:\/\/www.novion.se\/en\/flexibilitet\/#breadcrumb","itemListElement":[{"@type":"ListItem","position":1,"name":"Home","item":"https:\/\/www.novion.se\/"},{"@type":"ListItem","position":2,"name":"Flexibilitet"}]},{"@type":"WebSite","@id":"https:\/\/www.novion.se\/#website","url":"https:\/\/www.novion.se\/","name":"Novion","description":"Sustainability through innovation","publisher":{"@id":"https:\/\/www.novion.se\/#organization"},"potentialAction":[{"@type":"SearchAction","target":{"@type":"EntryPoint","urlTemplate":"https:\/\/www.novion.se\/?s={search_term_string}"},"query-input":{"@type":"PropertyValueSpecification","valueRequired":true,"valueName":"search_term_string"}}],"inLanguage":"en-GB"},{"@type":"Organization","@id":"https:\/\/www.novion.se\/#organization","name":"Novion","url":"https:\/\/www.novion.se\/","logo":{"@type":"ImageObject","inLanguage":"en-GB","@id":"https:\/\/www.novion.se\/#\/schema\/logo\/image\/","url":"https:\/\/www.novion.se\/wp-content\/uploads\/2023\/06\/novion_transparent.png","contentUrl":"https:\/\/www.novion.se\/wp-content\/uploads\/2023\/06\/novion_transparent.png","width":700,"height":300,"caption":"Novion"},"image":{"@id":"https:\/\/www.novion.se\/#\/schema\/logo\/image\/"}}]}},"_links":{"self":[{"href":"https:\/\/www.novion.se\/en\/wp-json\/wp\/v2\/pages\/830277","targetHints":{"allow":["GET"]}}],"collection":[{"href":"https:\/\/www.novion.se\/en\/wp-json\/wp\/v2\/pages"}],"about":[{"href":"https:\/\/www.novion.se\/en\/wp-json\/wp\/v2\/types\/page"}],"author":[{"embeddable":true,"href":"https:\/\/www.novion.se\/en\/wp-json\/wp\/v2\/users\/2"}],"replies":[{"embeddable":true,"href":"https:\/\/www.novion.se\/en\/wp-json\/wp\/v2\/comments?post=830277"}],"version-history":[{"count":0,"href":"https:\/\/www.novion.se\/en\/wp-json\/wp\/v2\/pages\/830277\/revisions"}],"wp:attachment":[{"href":"https:\/\/www.novion.se\/en\/wp-json\/wp\/v2\/media?parent=830277"}],"curies":[{"name":"wp","href":"https:\/\/api.w.org\/{rel}","templated":true}]}}