{"id":119,"date":"2023-06-29T13:24:32","date_gmt":"2023-06-29T13:24:32","guid":{"rendered":"https:\/\/rdw2.replior.se\/kontakta-oss\/"},"modified":"2025-09-01T07:54:35","modified_gmt":"2025-09-01T07:54:35","slug":"kontakta-oss","status":"publish","type":"page","link":"https:\/\/www.novion.se\/en\/technologies\/kontakta-oss\/","title":{"rendered":"Contact us"},"content":{"rendered":"<div data-elementor-type=\"wp-page\" data-elementor-id=\"119\" class=\"elementor elementor-119\" data-elementor-post-type=\"page\">\n\t\t\t\t<div class=\"elementor-element elementor-element-7a39c486 e-con-full e-flex e-con e-parent\" data-id=\"7a39c486\" data-element_type=\"container\" data-e-type=\"container\" data-settings=\"{&quot;background_background&quot;:&quot;classic&quot;}\">\n\t\t<div class=\"elementor-element elementor-element-4c4bb6a1 e-con-full e-flex e-con e-child\" data-id=\"4c4bb6a1\" data-element_type=\"container\" data-e-type=\"container\" data-settings=\"{&quot;background_background&quot;:&quot;classic&quot;}\">\n\t\t\t\t<div class=\"elementor-element elementor-element-1de15a54 pp-hotspot-img-align-left elementor-widget elementor-widget-pp-image-hotspots\" data-id=\"1de15a54\" data-element_type=\"widget\" data-e-type=\"widget\" data-widget_type=\"pp-image-hotspots.default\">\n\t\t\t\t<div class=\"elementor-widget-container\">\n\t\t\t\t\t\t\t<div class=\"pp-image-hotspots\" data-tooltip-options=\"{&quot;always_open&quot;:&quot;no&quot;,&quot;trigger&quot;:&quot;hover&quot;,&quot;size&quot;:&quot;default&quot;,&quot;distance&quot;:&quot;&quot;,&quot;arrow&quot;:&quot;yes&quot;,&quot;animation&quot;:&quot;fade&quot;,&quot;zindex&quot;:99,&quot;width&quot;:&quot;180&quot;}\">\n\t\t\t<div class=\"pp-hot-spot-image\">\n\t\t\t\t<img fetchpriority=\"high\" decoding=\"async\" width=\"1303\" height=\"1433\" src=\"https:\/\/www.novion.se\/wp-content\/uploads\/2023\/06\/sweden-e1678356928426.png\" class=\"attachment-full size-full wp-image-13\" alt=\"\" srcset=\"https:\/\/www.novion.se\/wp-content\/uploads\/2023\/06\/sweden-e1678356928426.png 1303w, https:\/\/www.novion.se\/wp-content\/uploads\/2023\/06\/sweden-e1678356928426-273x300.png 273w, https:\/\/www.novion.se\/wp-content\/uploads\/2023\/06\/sweden-e1678356928426-931x1024.png 931w, https:\/\/www.novion.se\/wp-content\/uploads\/2023\/06\/sweden-e1678356928426-768x845.png 768w\" sizes=\"(max-width: 1303px) 100vw, 1303px\" \/>\t\t\t\t\t<a class=\"pp-hot-spot-wrap elementor-repeater-item-4c24edd\" href=\"#\">\n\t\t\t\t\t\t<span class=\"pp-hot-spot-inner hotspot-animation\">\n\t\t\t\t\t\t\t<span class=\"pp-hotspot-icon-wrap\">\n\t\t\t\t\t\t\t\t\t\t\t\t\t\t\t\t<span class=\"pp-hotspot-icon pp-icon\">\n\t\t\t\t\t\t\t\t\t\t<i aria-hidden=\"true\" class=\"icon icon-placeholder\"><\/i>\t\t\t\t\t\t\t\t\t<\/span>\n\t\t\t\t\t\t\t\t\t\t\t\t\t\t\t\t<\/span>\n\t\t\t\t\t\t<\/span>\n\t\t\t\t\t<\/a>\n\t\t\t\t\t\t\t\t\t\t<a class=\"pp-hot-spot-wrap elementor-repeater-item-a0d07b7\" href=\"#\">\n\t\t\t\t\t\t<span class=\"pp-hot-spot-inner hotspot-animation\">\n\t\t\t\t\t\t\t<span class=\"pp-hotspot-icon-wrap\">\n\t\t\t\t\t\t\t\t\t\t\t\t\t\t\t\t<span class=\"pp-hotspot-icon pp-icon\">\n\t\t\t\t\t\t\t\t\t\t<i aria-hidden=\"true\" class=\"icon icon-placeholder\"><\/i>\t\t\t\t\t\t\t\t\t<\/span>\n\t\t\t\t\t\t\t\t\t\t\t\t\t\t\t\t<\/span>\n\t\t\t\t\t\t<\/span>\n\t\t\t\t\t<\/a>\n\t\t\t\t\t\t\t\t\t\t<a class=\"pp-hot-spot-wrap elementor-repeater-item-0e6b22d\" href=\"#\">\n\t\t\t\t\t\t<span class=\"pp-hot-spot-inner hotspot-animation\">\n\t\t\t\t\t\t\t<span class=\"pp-hotspot-icon-wrap\">\n\t\t\t\t\t\t\t\t\t\t\t\t\t\t\t\t<span class=\"pp-hotspot-icon pp-icon\">\n\t\t\t\t\t\t\t\t\t\t<i aria-hidden=\"true\" class=\"icon icon-placeholder\"><\/i>\t\t\t\t\t\t\t\t\t<\/span>\n\t\t\t\t\t\t\t\t\t\t\t\t\t\t\t\t<\/span>\n\t\t\t\t\t\t<\/span>\n\t\t\t\t\t<\/a>\n\t\t\t\t\t\t\t\t<\/div>\n\t\t<\/div>\n\t\t\t\t\t\t<\/div>\n\t\t\t\t<\/div>\n\t\t\t\t<\/div>\n\t\t<div class=\"elementor-element elementor-element-4e733ea6 e-con-full e-flex e-con e-child\" data-id=\"4e733ea6\" data-element_type=\"container\" data-e-type=\"container\" data-settings=\"{&quot;background_background&quot;:&quot;classic&quot;}\">\n\t\t<div class=\"elementor-element elementor-element-17b4fd53 e-flex e-con-boxed e-con e-child\" data-id=\"17b4fd53\" data-element_type=\"container\" data-e-type=\"container\">\n\t\t\t\t\t<div class=\"e-con-inner\">\n\t\t\t\t<div class=\"elementor-element elementor-element-6c332517 pp-icon-list-traditional elementor-list-item-link-inline pp-icon-left elementor-widget elementor-widget-pp-icon-list\" data-id=\"6c332517\" data-element_type=\"widget\" data-e-type=\"widget\" data-widget_type=\"pp-icon-list.default\">\n\t\t\t\t<div class=\"elementor-widget-container\">\n\t\t\t\t\t\t\t<div class=\"pp-list-container\">\n\t\t\t<ul class=\"pp-list-items\">\n\t\t\t\t\t\t\t\t\t\t\t\t\t\t\t\t\t\t\t\t\t<li class=\"pp-icon-list-item elementor-repeater-item-a4acfbf\">\n\t\t\t\t\t\t\t\t\t\t<span class=\"pp-icon-wrapper\">\n\t\t\t\t\t\t\t\t\t\t<span class=\"pp-icon-list-icon pp-icon\">\n\t\t\t\t\t\t<i aria-hidden=\"true\" class=\"icon icon-email\"><\/i><\/span>\t\t\t<\/span>\n\t\t\t\t\t\t\t\t\t\t<span class=\"pp-icon-list-text\">\n\t\t\t\t\t\t\t\tE-post\t\t\t\t\t\t\t<\/span>\n\t\t\t\t\t\t\t\t\t\t\t\t\t<\/li>\n\t\t\t\t\t\t\t\t\t\t\t\t\t<\/ul>\n\t\t<\/div>\n\t\t\t\t\t\t<\/div>\n\t\t\t\t<\/div>\n\t\t\t\t<div class=\"elementor-element elementor-element-12a371ab elementor-list-item-link-full_width elementor-widget elementor-widget-icon-list\" data-id=\"12a371ab\" data-element_type=\"widget\" data-e-type=\"widget\" data-widget_type=\"icon-list.default\">\n\t\t\t\t<div class=\"elementor-widget-container\">\n\t\t\t\t\t\t\t<ul class=\"elementor-icon-list-items\">\n\t\t\t\t\t\t\t<li class=\"elementor-icon-list-item\">\n\t\t\t\t\t\t\t\t\t\t\t<a href=\"mailto:%20info@novion.se\">\n\n\t\t\t\t\t\t\t\t\t\t\t<span class=\"elementor-icon-list-text\">info@novion.se<\/span>\n\t\t\t\t\t\t\t\t\t\t\t<\/a>\n\t\t\t\t\t\t\t\t\t<\/li>\n\t\t\t\t\t\t<\/ul>\n\t\t\t\t\t\t<\/div>\n\t\t\t\t<\/div>\n\t\t\t\t\t<\/div>\n\t\t\t\t<\/div>\n\t\t<div class=\"elementor-element elementor-element-7605ab8a e-flex e-con-boxed e-con e-child\" data-id=\"7605ab8a\" data-element_type=\"container\" data-e-type=\"container\">\n\t\t\t\t\t<div class=\"e-con-inner\">\n\t\t\t\t<div class=\"elementor-element elementor-element-30babf6a pp-icon-list-inline elementor-list-item-link-inline pp-icon-left elementor-widget elementor-widget-pp-icon-list\" data-id=\"30babf6a\" data-element_type=\"widget\" data-e-type=\"widget\" data-widget_type=\"pp-icon-list.default\">\n\t\t\t\t<div class=\"elementor-widget-container\">\n\t\t\t\t\t\t\t<div class=\"pp-list-container\">\n\t\t\t<ul class=\"pp-list-items pp-inline-items\">\n\t\t\t\t\t\t\t\t\t\t\t\t\t\t\t\t\t\t\t\t\t<li class=\"pp-icon-list-item elementor-repeater-item-a4acfbf\">\n\t\t\t\t\t\t\t\t\t\t<span class=\"pp-icon-wrapper\">\n\t\t\t\t\t\t\t\t\t\t<span class=\"pp-icon-list-icon pp-icon\">\n\t\t\t\t\t\t<i aria-hidden=\"true\" class=\"icon icon-placeholder\"><\/i><\/span>\t\t\t<\/span>\n\t\t\t\t\t\t\t\t\t\t<span class=\"pp-icon-list-text\">\n\t\t\t\t\t\t\t\tMalm\u00f6 (HQ)\t\t\t\t\t\t\t<\/span>\n\t\t\t\t\t\t\t\t\t\t\t\t\t<\/li>\n\t\t\t\t\t\t\t\t\t\t\t\t\t<\/ul>\n\t\t<\/div>\n\t\t\t\t\t\t<\/div>\n\t\t\t\t<\/div>\n\t\t\t\t<div class=\"elementor-element elementor-element-5aac5762 elementor-widget elementor-widget-text-editor\" data-id=\"5aac5762\" data-element_type=\"widget\" data-e-type=\"widget\" data-widget_type=\"text-editor.default\">\n\t\t\t\t<div class=\"elementor-widget-container\">\n\t\t\t\t\t\t\t\t\t<p>Novion Technologies AB<br \/><span style=\"font-family: var( --e-global-typography-deea677-font-family ), Sans-serif; font-size: var( --e-global-typography-deea677-font-size ); letter-spacing: var( --e-global-typography-deea677-letter-spacing ); word-spacing: var( --e-global-typography-deea677-word-spacing ); text-align: var(--text-align);\">S\u00f6dra F\u00f6rstadsgatan 22<br \/><\/span>211 43 Malm\u00f6<\/p>\t\t\t\t\t\t\t\t<\/div>\n\t\t\t\t<\/div>\n\t\t\t\t\t<\/div>\n\t\t\t\t<\/div>\n\t\t<div class=\"elementor-element elementor-element-11333ad e-flex e-con-boxed e-con e-child\" data-id=\"11333ad\" data-element_type=\"container\" data-e-type=\"container\">\n\t\t\t\t\t<div class=\"e-con-inner\">\n\t\t\t\t<div class=\"elementor-element elementor-element-292b3197 pp-icon-list-traditional elementor-list-item-link-inline pp-icon-left elementor-widget elementor-widget-pp-icon-list\" data-id=\"292b3197\" data-element_type=\"widget\" data-e-type=\"widget\" data-widget_type=\"pp-icon-list.default\">\n\t\t\t\t<div class=\"elementor-widget-container\">\n\t\t\t\t\t\t\t<div class=\"pp-list-container\">\n\t\t\t<ul class=\"pp-list-items\">\n\t\t\t\t\t\t\t\t\t\t\t\t\t\t\t\t\t\t\t\t\t<li class=\"pp-icon-list-item elementor-repeater-item-a4acfbf\">\n\t\t\t\t\t\t\t\t\t\t<span class=\"pp-icon-wrapper\">\n\t\t\t\t\t\t\t\t\t\t<span class=\"pp-icon-list-icon pp-icon\">\n\t\t\t\t\t\t<i aria-hidden=\"true\" class=\"icon icon-placeholder\"><\/i><\/span>\t\t\t<\/span>\n\t\t\t\t\t\t\t\t\t\t<span class=\"pp-icon-list-text\">\n\t\t\t\t\t\t\t\tVellinge (Kontor)\t\t\t\t\t\t\t<\/span>\n\t\t\t\t\t\t\t\t\t\t\t\t\t<\/li>\n\t\t\t\t\t\t\t\t\t\t\t\t\t<\/ul>\n\t\t<\/div>\n\t\t\t\t\t\t<\/div>\n\t\t\t\t<\/div>\n\t\t\t\t<div class=\"elementor-element elementor-element-3e0110fb elementor-widget elementor-widget-text-editor\" data-id=\"3e0110fb\" data-element_type=\"widget\" data-e-type=\"widget\" data-widget_type=\"text-editor.default\">\n\t\t\t\t<div class=\"elementor-widget-container\">\n\t\t\t\t\t\t\t\t\t<p>Novion Technologies AB<br \/>Terminalgatan 20<br \/>235 39 Vellinge<\/p>\t\t\t\t\t\t\t\t<\/div>\n\t\t\t\t<\/div>\n\t\t\t\t\t<\/div>\n\t\t\t\t<\/div>\n\t\t<div class=\"elementor-element elementor-element-6fee5b2 e-flex e-con-boxed e-con e-child\" data-id=\"6fee5b2\" data-element_type=\"container\" data-e-type=\"container\">\n\t\t\t\t\t<div class=\"e-con-inner\">\n\t\t\t\t<div class=\"elementor-element elementor-element-9c237f5 pp-icon-list-traditional elementor-list-item-link-inline pp-icon-left elementor-widget elementor-widget-pp-icon-list\" data-id=\"9c237f5\" data-element_type=\"widget\" data-e-type=\"widget\" data-widget_type=\"pp-icon-list.default\">\n\t\t\t\t<div class=\"elementor-widget-container\">\n\t\t\t\t\t\t\t<div class=\"pp-list-container\">\n\t\t\t<ul class=\"pp-list-items\">\n\t\t\t\t\t\t\t\t\t\t\t\t\t\t\t\t\t\t\t\t\t<li class=\"pp-icon-list-item elementor-repeater-item-a4acfbf\">\n\t\t\t\t\t\t\t\t\t\t<span class=\"pp-icon-wrapper\">\n\t\t\t\t\t\t\t\t\t\t<span class=\"pp-icon-list-icon pp-icon\">\n\t\t\t\t\t\t<i aria-hidden=\"true\" class=\"icon icon-placeholder\"><\/i><\/span>\t\t\t<\/span>\n\t\t\t\t\t\t\t\t\t\t<span class=\"pp-icon-list-text\">\n\t\t\t\t\t\t\t\tStockholm (S\u00e4te)\t\t\t\t\t\t\t<\/span>\n\t\t\t\t\t\t\t\t\t\t\t\t\t<\/li>\n\t\t\t\t\t\t\t\t\t\t\t\t\t<\/ul>\n\t\t<\/div>\n\t\t\t\t\t\t<\/div>\n\t\t\t\t<\/div>\n\t\t\t\t<div class=\"elementor-element elementor-element-120c802 elementor-widget elementor-widget-text-editor\" data-id=\"120c802\" data-element_type=\"widget\" data-e-type=\"widget\" data-widget_type=\"text-editor.default\">\n\t\t\t\t<div class=\"elementor-widget-container\">\n\t\t\t\t\t\t\t\t\t<p>Novion Technologies AB<br \/>Hammarby Kaj 18<br \/>120 30 Stockholm<\/p>\t\t\t\t\t\t\t\t<\/div>\n\t\t\t\t<\/div>\n\t\t\t\t\t<\/div>\n\t\t\t\t<\/div>\n\t\t\t\t<\/div>\n\t\t\t\t<\/div>\n\t\t<div class=\"elementor-element elementor-element-7605d9ca e-con-full e-flex e-con e-parent\" data-id=\"7605d9ca\" data-element_type=\"container\" data-e-type=\"container\" data-settings=\"{&quot;background_background&quot;:&quot;classic&quot;}\">\n\t\t<div class=\"elementor-element elementor-element-e612b2b e-con-full e-flex e-con e-child\" data-id=\"e612b2b\" data-element_type=\"container\" data-e-type=\"container\">\n\t\t\t\t<div class=\"elementor-element elementor-element-54957620 elementor-widget elementor-widget-heading\" data-id=\"54957620\" data-element_type=\"widget\" data-e-type=\"widget\" data-widget_type=\"heading.default\">\n\t\t\t\t<div class=\"elementor-widget-container\">\n\t\t\t\t\t<h1 class=\"elementor-heading-title elementor-size-default\">Contact us<\/h1>\t\t\t\t<\/div>\n\t\t\t\t<\/div>\n\t\t\t\t<\/div>\n\t\t<div class=\"elementor-element elementor-element-44d71e4a e-con-full e-flex e-con e-child\" data-id=\"44d71e4a\" data-element_type=\"container\" data-e-type=\"container\">\n\t\t<div class=\"elementor-element elementor-element-2fa02cf5 e-flex e-con-boxed e-con e-child\" data-id=\"2fa02cf5\" data-element_type=\"container\" data-e-type=\"container\">\n\t\t\t\t\t<div class=\"e-con-inner\">\n\t\t\t\t<div class=\"elementor-element elementor-element-81ebc84 elementor-widget elementor-widget-elementskit-contact-form7\" data-id=\"81ebc84\" data-element_type=\"widget\" data-e-type=\"widget\" data-widget_type=\"elementskit-contact-form7.default\">\n\t\t\t\t<div class=\"elementor-widget-container\">\n\t\t\t\t\t<div class=\"ekit-wid-con\" ><div class=\"ekit-form\">\n<div class=\"wpcf7 no-js\" id=\"wpcf7-f13250-p119-o1\" lang=\"en-US\" dir=\"ltr\" data-wpcf7-id=\"13250\">\n<div class=\"screen-reader-response\"><p role=\"status\" aria-live=\"polite\" aria-atomic=\"true\"><\/p> <ul><\/ul><\/div>\n<form action=\"\/en\/technologies\/kontakta-oss\/#wpcf7-f13250-p119-o1\" method=\"post\" class=\"wpcf7-form init\" aria-label=\"Kontaktformul\u00e4r\" novalidate=\"novalidate\" data-status=\"init\" data-trp-original-action=\"\/technologies\/kontakta-oss\/#wpcf7-f13250-p119-o1\">\n<fieldset class=\"hidden-fields-container\"><input type=\"hidden\" name=\"_wpcf7\" value=\"13250\" \/><input type=\"hidden\" name=\"_wpcf7_version\" value=\"6.1.5\" \/><input type=\"hidden\" name=\"_wpcf7_locale\" value=\"en_US\" \/><input type=\"hidden\" name=\"_wpcf7_unit_tag\" value=\"wpcf7-f13250-p119-o1\" \/><input type=\"hidden\" name=\"_wpcf7_container_post\" value=\"119\" \/><input type=\"hidden\" name=\"_wpcf7_posted_data_hash\" value=\"\" \/>\n<\/fieldset>\n<p><label> Name<br \/>\n<span class=\"wpcf7-form-control-wrap\" data-name=\"your-name\"><input size=\"40\" maxlength=\"400\" class=\"wpcf7-form-control wpcf7-text wpcf7-validates-as-required\" autocomplete=\"name\" aria-required=\"true\" aria-invalid=\"false\" value=\"\" type=\"text\" name=\"your-name\" \/><\/span> <\/label>\n<\/p>\n<p><label> Email address<br \/>\n<span class=\"wpcf7-form-control-wrap\" data-name=\"your-email\"><input size=\"40\" maxlength=\"400\" class=\"wpcf7-form-control wpcf7-email wpcf7-validates-as-required wpcf7-text wpcf7-validates-as-email\" autocomplete=\"email\" aria-required=\"true\" aria-invalid=\"false\" value=\"\" type=\"email\" name=\"your-email\" \/><\/span> <\/label>\n<\/p>\n<p><label> Message<br \/>\n<span class=\"wpcf7-form-control-wrap\" data-name=\"your-message\"><textarea cols=\"40\" rows=\"10\" maxlength=\"2000\" class=\"wpcf7-form-control wpcf7-textarea wpcf7-validates-as-required\" aria-required=\"true\" aria-invalid=\"false\" name=\"your-message\"><\/textarea><\/span> <\/label>\n<\/p>\n<p><input class=\"wpcf7-form-control wpcf7-submit has-spinner\" type=\"submit\" value=\"Submit\" \/>\n<\/p><div class=\"wpcf7-response-output\" aria-hidden=\"true\"><\/div>\n<input type=\"hidden\" name=\"trp-form-language\" value=\"en\"\/><\/form>\n<\/div>\n<\/div><\/div>\t\t\t\t<\/div>\n\t\t\t\t<\/div>\n\t\t\t\t\t<\/div>\n\t\t\t\t<\/div>\n\t\t\t\t<\/div>\n\t\t\t\t<\/div>\n\t\t\t\t<\/div>","protected":false},"excerpt":{"rendered":"<p>E-post info@novion.se Malm\u00f6 (HQ) Novion Technologies ABS\u00f6dra F\u00f6rstadsgatan 22211 43 Malm\u00f6 Vellinge (Kontor) Novion Technologies ABTerminalgatan 20235 39 Vellinge Stockholm (S\u00e4te) Novion Technologies ABHammarby Kaj 18120 30 Stockholm Kontakta oss Namn E-postadress Meddelande<\/p>","protected":false},"author":1,"featured_media":0,"parent":113,"menu_order":0,"comment_status":"closed","ping_status":"closed","template":"elementor_header_footer","meta":{"footnotes":""},"class_list":["post-119","page","type-page","status-publish","hentry"],"yoast_head":"<!-- This site is optimized with the Yoast SEO plugin v27.1.1 - https:\/\/yoast.com\/product\/yoast-seo-wordpress\/ -->\n<title>Kontakta oss - Novion<\/title>\n<meta name=\"robots\" content=\"index, follow, max-snippet:-1, max-image-preview:large, max-video-preview:-1\" \/>\n<link rel=\"canonical\" href=\"https:\/\/www.novion.se\/en\/technologies\/kontakta-oss\/\" \/>\n<meta property=\"og:locale\" content=\"en_GB\" \/>\n<meta property=\"og:type\" content=\"article\" \/>\n<meta property=\"og:title\" content=\"Kontakta oss - Novion\" \/>\n<meta property=\"og:description\" content=\"E-post info@novion.se Malm\u00f6 (HQ) Novion Technologies ABS\u00f6dra F\u00f6rstadsgatan 22211 43 Malm\u00f6 Vellinge (Kontor) Novion Technologies ABTerminalgatan 20235 39 Vellinge Stockholm (S\u00e4te) Novion Technologies ABHammarby Kaj 18120 30 Stockholm Kontakta oss Namn E-postadress Meddelande\" \/>\n<meta property=\"og:url\" content=\"https:\/\/www.novion.se\/en\/technologies\/kontakta-oss\/\" \/>\n<meta property=\"og:site_name\" content=\"Novion\" \/>\n<meta property=\"article:modified_time\" content=\"2025-09-01T07:54:35+00:00\" \/>\n<meta property=\"og:image\" content=\"https:\/\/www.novion.se\/wp-content\/uploads\/2023\/06\/sweden-e1678356928426.png\" \/>\n<meta name=\"twitter:card\" content=\"summary_large_image\" \/>\n<meta name=\"twitter:label1\" content=\"Estimated reading time\" \/>\n\t<meta name=\"twitter:data1\" content=\"1 minute\" \/>\n<script type=\"application\/ld+json\" class=\"yoast-schema-graph\">{\"@context\":\"https:\/\/schema.org\",\"@graph\":[{\"@type\":\"WebPage\",\"@id\":\"https:\/\/www.novion.se\/technologies\/kontakta-oss\/\",\"url\":\"https:\/\/www.novion.se\/technologies\/kontakta-oss\/\",\"name\":\"Kontakta oss - Novion\",\"isPartOf\":{\"@id\":\"https:\/\/www.novion.se\/#website\"},\"primaryImageOfPage\":{\"@id\":\"https:\/\/www.novion.se\/technologies\/kontakta-oss\/#primaryimage\"},\"image\":{\"@id\":\"https:\/\/www.novion.se\/technologies\/kontakta-oss\/#primaryimage\"},\"thumbnailUrl\":\"https:\/\/www.novion.se\/wp-content\/uploads\/2023\/06\/sweden-e1678356928426.png\",\"datePublished\":\"2023-06-29T13:24:32+00:00\",\"dateModified\":\"2025-09-01T07:54:35+00:00\",\"breadcrumb\":{\"@id\":\"https:\/\/www.novion.se\/technologies\/kontakta-oss\/#breadcrumb\"},\"inLanguage\":\"en-GB\",\"potentialAction\":[{\"@type\":\"ReadAction\",\"target\":[\"https:\/\/www.novion.se\/technologies\/kontakta-oss\/\"]}]},{\"@type\":\"ImageObject\",\"inLanguage\":\"en-GB\",\"@id\":\"https:\/\/www.novion.se\/technologies\/kontakta-oss\/#primaryimage\",\"url\":\"https:\/\/www.novion.se\/wp-content\/uploads\/2023\/06\/sweden-e1678356928426.png\",\"contentUrl\":\"https:\/\/www.novion.se\/wp-content\/uploads\/2023\/06\/sweden-e1678356928426.png\"},{\"@type\":\"BreadcrumbList\",\"@id\":\"https:\/\/www.novion.se\/technologies\/kontakta-oss\/#breadcrumb\",\"itemListElement\":[{\"@type\":\"ListItem\",\"position\":1,\"name\":\"Home\",\"item\":\"https:\/\/www.novion.se\/\"},{\"@type\":\"ListItem\",\"position\":2,\"name\":\"Novion Technologies\",\"item\":\"https:\/\/www.novion.se\/technologies\/\"},{\"@type\":\"ListItem\",\"position\":3,\"name\":\"Kontakta oss\"}]},{\"@type\":\"WebSite\",\"@id\":\"https:\/\/www.novion.se\/#website\",\"url\":\"https:\/\/www.novion.se\/\",\"name\":\"Novion\",\"description\":\"Sustainability through innovation\",\"publisher\":{\"@id\":\"https:\/\/www.novion.se\/#organization\"},\"potentialAction\":[{\"@type\":\"SearchAction\",\"target\":{\"@type\":\"EntryPoint\",\"urlTemplate\":\"https:\/\/www.novion.se\/?s={search_term_string}\"},\"query-input\":{\"@type\":\"PropertyValueSpecification\",\"valueRequired\":true,\"valueName\":\"search_term_string\"}}],\"inLanguage\":\"en-GB\"},{\"@type\":\"Organization\",\"@id\":\"https:\/\/www.novion.se\/#organization\",\"name\":\"Novion\",\"url\":\"https:\/\/www.novion.se\/\",\"logo\":{\"@type\":\"ImageObject\",\"inLanguage\":\"en-GB\",\"@id\":\"https:\/\/www.novion.se\/#\/schema\/logo\/image\/\",\"url\":\"https:\/\/www.novion.se\/wp-content\/uploads\/2023\/06\/novion_transparent.png\",\"contentUrl\":\"https:\/\/www.novion.se\/wp-content\/uploads\/2023\/06\/novion_transparent.png\",\"width\":700,\"height\":300,\"caption\":\"Novion\"},\"image\":{\"@id\":\"https:\/\/www.novion.se\/#\/schema\/logo\/image\/\"}}]}<\/script>\n<!-- \/ Yoast SEO plugin. -->","yoast_head_json":{"title":"Kontakta oss - Novion","robots":{"index":"index","follow":"follow","max-snippet":"max-snippet:-1","max-image-preview":"max-image-preview:large","max-video-preview":"max-video-preview:-1"},"canonical":"https:\/\/www.novion.se\/en\/technologies\/kontakta-oss\/","og_locale":"en_GB","og_type":"article","og_title":"Kontakta oss - Novion","og_description":"E-post info@novion.se Malm\u00f6 (HQ) Novion Technologies ABS\u00f6dra F\u00f6rstadsgatan 22211 43 Malm\u00f6 Vellinge (Kontor) Novion Technologies ABTerminalgatan 20235 39 Vellinge Stockholm (S\u00e4te) Novion Technologies ABHammarby Kaj 18120 30 Stockholm Kontakta oss Namn E-postadress Meddelande","og_url":"https:\/\/www.novion.se\/en\/technologies\/kontakta-oss\/","og_site_name":"Novion","article_modified_time":"2025-09-01T07:54:35+00:00","og_image":[{"url":"https:\/\/www.novion.se\/wp-content\/uploads\/2023\/06\/sweden-e1678356928426.png","type":"","width":"","height":""}],"twitter_card":"summary_large_image","twitter_misc":{"Estimated reading time":"1 minute"},"schema":{"@context":"https:\/\/schema.org","@graph":[{"@type":"WebPage","@id":"https:\/\/www.novion.se\/technologies\/kontakta-oss\/","url":"https:\/\/www.novion.se\/technologies\/kontakta-oss\/","name":"Kontakta oss - Novion","isPartOf":{"@id":"https:\/\/www.novion.se\/#website"},"primaryImageOfPage":{"@id":"https:\/\/www.novion.se\/technologies\/kontakta-oss\/#primaryimage"},"image":{"@id":"https:\/\/www.novion.se\/technologies\/kontakta-oss\/#primaryimage"},"thumbnailUrl":"https:\/\/www.novion.se\/wp-content\/uploads\/2023\/06\/sweden-e1678356928426.png","datePublished":"2023-06-29T13:24:32+00:00","dateModified":"2025-09-01T07:54:35+00:00","breadcrumb":{"@id":"https:\/\/www.novion.se\/technologies\/kontakta-oss\/#breadcrumb"},"inLanguage":"en-GB","potentialAction":[{"@type":"ReadAction","target":["https:\/\/www.novion.se\/technologies\/kontakta-oss\/"]}]},{"@type":"ImageObject","inLanguage":"en-GB","@id":"https:\/\/www.novion.se\/technologies\/kontakta-oss\/#primaryimage","url":"https:\/\/www.novion.se\/wp-content\/uploads\/2023\/06\/sweden-e1678356928426.png","contentUrl":"https:\/\/www.novion.se\/wp-content\/uploads\/2023\/06\/sweden-e1678356928426.png"},{"@type":"BreadcrumbList","@id":"https:\/\/www.novion.se\/technologies\/kontakta-oss\/#breadcrumb","itemListElement":[{"@type":"ListItem","position":1,"name":"Home","item":"https:\/\/www.novion.se\/"},{"@type":"ListItem","position":2,"name":"Novion Technologies","item":"https:\/\/www.novion.se\/technologies\/"},{"@type":"ListItem","position":3,"name":"Kontakta oss"}]},{"@type":"WebSite","@id":"https:\/\/www.novion.se\/#website","url":"https:\/\/www.novion.se\/","name":"Novion","description":"Sustainability through innovation","publisher":{"@id":"https:\/\/www.novion.se\/#organization"},"potentialAction":[{"@type":"SearchAction","target":{"@type":"EntryPoint","urlTemplate":"https:\/\/www.novion.se\/?s={search_term_string}"},"query-input":{"@type":"PropertyValueSpecification","valueRequired":true,"valueName":"search_term_string"}}],"inLanguage":"en-GB"},{"@type":"Organization","@id":"https:\/\/www.novion.se\/#organization","name":"Novion","url":"https:\/\/www.novion.se\/","logo":{"@type":"ImageObject","inLanguage":"en-GB","@id":"https:\/\/www.novion.se\/#\/schema\/logo\/image\/","url":"https:\/\/www.novion.se\/wp-content\/uploads\/2023\/06\/novion_transparent.png","contentUrl":"https:\/\/www.novion.se\/wp-content\/uploads\/2023\/06\/novion_transparent.png","width":700,"height":300,"caption":"Novion"},"image":{"@id":"https:\/\/www.novion.se\/#\/schema\/logo\/image\/"}}]}},"_links":{"self":[{"href":"https:\/\/www.novion.se\/en\/wp-json\/wp\/v2\/pages\/119","targetHints":{"allow":["GET"]}}],"collection":[{"href":"https:\/\/www.novion.se\/en\/wp-json\/wp\/v2\/pages"}],"about":[{"href":"https:\/\/www.novion.se\/en\/wp-json\/wp\/v2\/types\/page"}],"author":[{"embeddable":true,"href":"https:\/\/www.novion.se\/en\/wp-json\/wp\/v2\/users\/1"}],"replies":[{"embeddable":true,"href":"https:\/\/www.novion.se\/en\/wp-json\/wp\/v2\/comments?post=119"}],"version-history":[{"count":0,"href":"https:\/\/www.novion.se\/en\/wp-json\/wp\/v2\/pages\/119\/revisions"}],"up":[{"embeddable":true,"href":"https:\/\/www.novion.se\/en\/wp-json\/wp\/v2\/pages\/113"}],"wp:attachment":[{"href":"https:\/\/www.novion.se\/en\/wp-json\/wp\/v2\/media?parent=119"}],"curies":[{"name":"wp","href":"https:\/\/api.w.org\/{rel}","templated":true}]}}