{"id":1098030,"date":"2025-08-01T15:21:21","date_gmt":"2025-08-01T15:21:21","guid":{"rendered":"https:\/\/www.novion.se\/?page_id=1098030"},"modified":"2025-08-08T13:33:49","modified_gmt":"2025-08-08T13:33:49","slug":"villkorat-anslutningsavtal","status":"publish","type":"page","link":"https:\/\/www.novion.se\/en\/flexibilitet\/villkorat-anslutningsavtal\/","title":{"rendered":"Villkorat anslutningsavtal"},"content":{"rendered":"<div data-elementor-type=\"wp-page\" data-elementor-id=\"1098030\" class=\"elementor elementor-1098030\" data-elementor-post-type=\"page\">\n\t\t\t\t<div class=\"elementor-element elementor-element-6b4486dd e-con-full e-flex e-con e-parent\" data-id=\"6b4486dd\" data-element_type=\"container\" data-e-type=\"container\" data-settings=\"{&quot;background_background&quot;:&quot;classic&quot;}\">\n\t\t<div class=\"elementor-element elementor-element-5df0235b e-con-full e-flex e-con e-child\" data-id=\"5df0235b\" data-element_type=\"container\" data-e-type=\"container\">\n\t\t\t\t<div class=\"elementor-element elementor-element-43e65a4d elementor-widget__width-initial elementor-widget-tablet__width-inherit elementor-widget elementor-widget-heading\" data-id=\"43e65a4d\" data-element_type=\"widget\" data-e-type=\"widget\" data-widget_type=\"heading.default\">\n\t\t\t\t<div class=\"elementor-widget-container\">\n\t\t\t\t\t<h2 class=\"elementor-heading-title elementor-size-default\">Flexibilitet genom Villkorat anslutningsavtal<\/h2>\t\t\t\t<\/div>\n\t\t\t\t<\/div>\n\t\t\t\t<\/div>\n\t\t\t\t<\/div>\n\t\t<div class=\"elementor-element elementor-element-8e8de70 e-flex e-con-boxed e-con e-parent\" data-id=\"8e8de70\" data-element_type=\"container\" data-e-type=\"container\" data-settings=\"{&quot;background_background&quot;:&quot;classic&quot;}\">\n\t\t\t\t\t<div class=\"e-con-inner\">\n\t\t\t\t<div class=\"elementor-element elementor-element-5a6fdde elementor-widget elementor-widget-spacer\" data-id=\"5a6fdde\" data-element_type=\"widget\" data-e-type=\"widget\" data-widget_type=\"spacer.default\">\n\t\t\t\t<div class=\"elementor-widget-container\">\n\t\t\t\t\t\t\t<div class=\"elementor-spacer\">\n\t\t\t<div class=\"elementor-spacer-inner\"><\/div>\n\t\t<\/div>\n\t\t\t\t\t\t<\/div>\n\t\t\t\t<\/div>\n\t\t\t\t\t<\/div>\n\t\t\t\t<\/div>\n\t\t<div class=\"elementor-element elementor-element-e4fc6b9 e-flex e-con-boxed e-con e-parent\" data-id=\"e4fc6b9\" data-element_type=\"container\" data-e-type=\"container\" data-settings=\"{&quot;background_background&quot;:&quot;classic&quot;}\">\n\t\t\t\t\t<div class=\"e-con-inner\">\n\t\t\t\t<div class=\"elementor-element elementor-element-48628a5 elementor-widget elementor-widget-heading\" data-id=\"48628a5\" data-element_type=\"widget\" data-e-type=\"widget\" data-widget_type=\"heading.default\">\n\t\t\t\t<div class=\"elementor-widget-container\">\n\t\t\t\t\t<h2 class=\"elementor-heading-title elementor-size-default\">Vad \u00e4r ett villkorat anslutningsavtal?<\/h2>\t\t\t\t<\/div>\n\t\t\t\t<\/div>\n\t\t\t\t<div class=\"elementor-element elementor-element-b772216 elementor-widget elementor-widget-text-editor\" data-id=\"b772216\" data-element_type=\"widget\" data-e-type=\"widget\" data-widget_type=\"text-editor.default\">\n\t\t\t\t<div class=\"elementor-widget-container\">\n\t\t\t\t\t\t\t\t\t<p>Ett <em>villkorat<\/em> <em>anslutningsavtal<\/em> eller ett <em>villkorat<\/em> <em>avtal<\/em> \u00e4r ett anslutningsavtal som har s\u00e4rskilda villkor f\u00f6r att man ska f\u00e5 ansluta till eln\u00e4tet. Ofta inneb\u00e4r dessa villkor att man som kund inte har r\u00e4tt att utnyttja hela sin anslutna kapacitet under alla \u00e5rets timmar. Det kan ocks\u00e5 inneb\u00e4ra att man avs\u00e4ger sig r\u00e4tt till redundans, vilket inneb\u00e4r att man inte \u00e4r prioriterad att \u00e5teranslutas om ett fel skulle intr\u00e4ffa i eln\u00e4tet.\u00a0<\/p>\t\t\t\t\t\t\t\t<\/div>\n\t\t\t\t<\/div>\n\t\t\t\t<div class=\"elementor-element elementor-element-24b70b1 elementor-widget elementor-widget-heading\" data-id=\"24b70b1\" data-element_type=\"widget\" data-e-type=\"widget\" data-widget_type=\"heading.default\">\n\t\t\t\t<div class=\"elementor-widget-container\">\n\t\t\t\t\t<h2 class=\"elementor-heading-title elementor-size-default\">Varf\u00f6r erbjuds villkorade anslutningsavtal?<\/h2>\t\t\t\t<\/div>\n\t\t\t\t<\/div>\n\t\t\t\t<div class=\"elementor-element elementor-element-e79bc2a elementor-widget elementor-widget-text-editor\" data-id=\"e79bc2a\" data-element_type=\"widget\" data-e-type=\"widget\" data-widget_type=\"text-editor.default\">\n\t\t\t\t<div class=\"elementor-widget-container\">\n\t\t\t\t\t\t\t\t\t<p>Ett villkorat anslutningsavtatal erbjuds av vissa eln\u00e4tsf\u00f6retaget f\u00f6r att minska v\u00e4ntetiden innan en kund f\u00e5r lov att ansluta till n\u00e4tet. Ofta beh\u00f6ver en st\u00f6rre anslutning f\u00f6reg\u00e5s av att n\u00e4t\u00e4garen f\u00f6rst\u00e4rker eln\u00e4tet, men med ett villkorat anslutningsavtal kan en kund f\u00e5 ansluta direkt. De f\u00e5r d\u00e5 ett villkor sin anslutning att de inte f\u00e5r anv\u00e4nda sin fulla effekt under alla \u00e5rets timmar innan eln\u00e4tet har hunnit f\u00f6rst\u00e4rkas.\u00a0<\/p>\t\t\t\t\t\t\t\t<\/div>\n\t\t\t\t<\/div>\n\t\t\t\t<div class=\"elementor-element elementor-element-28f3317 elementor-widget elementor-widget-heading\" data-id=\"28f3317\" data-element_type=\"widget\" data-e-type=\"widget\" data-widget_type=\"heading.default\">\n\t\t\t\t<div class=\"elementor-widget-container\">\n\t\t\t\t\t<h2 class=\"elementor-heading-title elementor-size-default\">Vad kr\u00e4vs f\u00f6r att f\u00e5 ett villkorat anslutningsavtal?<\/h2>\t\t\t\t<\/div>\n\t\t\t\t<\/div>\n\t\t\t\t<div class=\"elementor-element elementor-element-8c15a33 elementor-widget elementor-widget-text-editor\" data-id=\"8c15a33\" data-element_type=\"widget\" data-e-type=\"widget\" data-widget_type=\"text-editor.default\">\n\t\t\t\t<div class=\"elementor-widget-container\">\n\t\t\t\t\t\t\t\t\t<p>Som kund finns det inget speciellt man kan g\u00f6ra f\u00f6r att ans\u00f6ka om ett villkorat anslutningsavtal. Det \u00e4r n\u00e5got som erbjuds av eln\u00e4tsf\u00f6retaget om de anser att det \u00e4r en l\u00e4mplig interimsl\u00f6sning fram tills de har hunnit bygga ut n\u00e4tet.\u00a0<\/p>\t\t\t\t\t\t\t\t<\/div>\n\t\t\t\t<\/div>\n\t\t\t\t<div class=\"elementor-element elementor-element-cbefb70 elementor-widget elementor-widget-heading\" data-id=\"cbefb70\" data-element_type=\"widget\" data-e-type=\"widget\" data-widget_type=\"heading.default\">\n\t\t\t\t<div class=\"elementor-widget-container\">\n\t\t\t\t\t<h2 class=\"elementor-heading-title elementor-size-default\">Har ni blivit erbjudna ett villkorat anslutningsavtal eller har ni fr\u00e5gor?<\/h2>\t\t\t\t<\/div>\n\t\t\t\t<\/div>\n\t\t\t\t<div class=\"elementor-element elementor-element-9581086 elementor-widget elementor-widget-text-editor\" data-id=\"9581086\" data-element_type=\"widget\" data-e-type=\"widget\" data-widget_type=\"text-editor.default\">\n\t\t\t\t<div class=\"elementor-widget-container\">\n\t\t\t\t\t\t\t\t\t<p>Kontakta oss p\u00e5 info@novion.se eller Simon.Hessman@novion.se s\u00e5 hj\u00e4lper vi p\u00e5 Novion er g\u00e4rna! Vi har m\u00e5ng\u00e5rig erfarenhet av att jobba med villkorade anslutningsavtal och flexibilitet i eln\u00e4tet. Klicka p\u00e5 n\u00e5gon av knapparna nedanf\u00f6r f\u00f6r att l\u00e4sa mer om st\u00f6dtj\u00e4nster eller flexibilitetsmarknader.<\/p>\t\t\t\t\t\t\t\t<\/div>\n\t\t\t\t<\/div>\n\t\t<div class=\"elementor-element elementor-element-a81b8ec e-con-full e-flex e-con e-child\" data-id=\"a81b8ec\" data-element_type=\"container\" data-e-type=\"container\">\n\t\t\t\t<\/div>\n\t\t\t\t\t<\/div>\n\t\t\t\t<\/div>\n\t\t<div class=\"elementor-element elementor-element-9e45a16 e-grid e-con-boxed e-con e-parent\" data-id=\"9e45a16\" data-element_type=\"container\" data-e-type=\"container\" data-settings=\"{&quot;background_background&quot;:&quot;classic&quot;}\">\n\t\t\t\t\t<div class=\"e-con-inner\">\n\t\t\t\t<div class=\"elementor-element elementor-element-7dbfec8 elementor-widget__width-initial elementor-widget elementor-widget-premium-addon-image-button\" data-id=\"7dbfec8\" data-element_type=\"widget\" data-e-type=\"widget\" data-widget_type=\"premium-addon-image-button.default\">\n\t\t\t\t<div class=\"elementor-widget-container\">\n\t\t\t\t\t\r\n\t\t<a class=\"premium-image-button-style1 premium-image-button premium-btn-lg premium-image-button-style1-bottom\" href=\"https:\/\/www.novion.se\/en\/flexibilitet\/flexibilitet-stodtjanster\/\">\r\n\t\t\t<div class=\"premium-image-button-text-icon-wrapper\">\r\n\r\n\t\t\t\t\r\n\t\t\t\t\t\t\t\t\t<span >\r\n\t\t\t\t\t\tSt\u00f6dtj\u00e4nster\t\t\t\t\t<\/span>\r\n\t\t\t\t\r\n\t\t\t<\/div>\r\n\r\n\t\t\t\r\n\t\t\t\r\n\t\t\t\r\n\t\t<\/a>\r\n\r\n\t\t\t\t\t\t<\/div>\n\t\t\t\t<\/div>\n\t\t\t\t<div class=\"elementor-element elementor-element-4cb43a3 elementor-widget__width-initial elementor-widget elementor-widget-premium-addon-image-button\" data-id=\"4cb43a3\" data-element_type=\"widget\" data-e-type=\"widget\" data-widget_type=\"premium-addon-image-button.default\">\n\t\t\t\t<div class=\"elementor-widget-container\">\n\t\t\t\t\t\r\n\t\t<a class=\"premium-image-button-style1 premium-image-button premium-btn-lg premium-image-button-style1-bottom\" href=\"https:\/\/www.novion.se\/en\/flexibilitet\/lokal-flexibilitetsmarknad\/\">\r\n\t\t\t<div class=\"premium-image-button-text-icon-wrapper\">\r\n\r\n\t\t\t\t\r\n\t\t\t\t\t\t\t\t\t<span >\r\n\t\t\t\t\t\tFlexibilitetsmarknader\t\t\t\t\t<\/span>\r\n\t\t\t\t\r\n\t\t\t<\/div>\r\n\r\n\t\t\t\r\n\t\t\t\r\n\t\t\t\r\n\t\t<\/a>\r\n\r\n\t\t\t\t\t\t<\/div>\n\t\t\t\t<\/div>\n\t\t\t\t<div class=\"elementor-element elementor-element-38c2265 elementor-widget__width-initial elementor-widget elementor-widget-premium-addon-image-button\" data-id=\"38c2265\" data-element_type=\"widget\" data-e-type=\"widget\" data-widget_type=\"premium-addon-image-button.default\">\n\t\t\t\t<div class=\"elementor-widget-container\">\n\t\t\t\t\t\r\n\t\t<a class=\"premium-image-button-style1 premium-image-button premium-btn-lg premium-image-button-style1-bottom\" href=\"https:\/\/www.novion.se\/en\/flexibilitet\/villkorat-anslutningsavtal\/\">\r\n\t\t\t<div class=\"premium-image-button-text-icon-wrapper\">\r\n\r\n\t\t\t\t\r\n\t\t\t\t\t\t\t\t\t<span >\r\n\t\t\t\t\t\tVillkorade Avtal\t\t\t\t\t<\/span>\r\n\t\t\t\t\r\n\t\t\t<\/div>\r\n\r\n\t\t\t\r\n\t\t\t\r\n\t\t\t\r\n\t\t<\/a>\r\n\r\n\t\t\t\t\t\t<\/div>\n\t\t\t\t<\/div>\n\t\t\t\t\t<\/div>\n\t\t\t\t<\/div>\n\t\t<div class=\"elementor-element elementor-element-4f9229e e-flex e-con-boxed e-con e-parent\" data-id=\"4f9229e\" data-element_type=\"container\" data-e-type=\"container\" data-settings=\"{&quot;background_background&quot;:&quot;classic&quot;}\">\n\t\t\t\t\t<div class=\"e-con-inner\">\n\t\t\t\t<div class=\"elementor-element elementor-element-5556551 elementor-widget__width-initial elementor-widget elementor-widget-premium-addon-image-button\" data-id=\"5556551\" data-element_type=\"widget\" data-e-type=\"widget\" data-widget_type=\"premium-addon-image-button.default\">\n\t\t\t\t<div class=\"elementor-widget-container\">\n\t\t\t\t\t\r\n\t\t<a class=\"premium-image-button-style1 premium-image-button premium-btn-lg premium-image-button-style1-bottom\" href=\"https:\/\/www.novion.se\/en\/technologies\/kontakta-oss\/\">\r\n\t\t\t<div class=\"premium-image-button-text-icon-wrapper\">\r\n\r\n\t\t\t\t\r\n\t\t\t\t\t\t\t\t\t<span >\r\n\t\t\t\t\t\tContact us\t\t\t\t\t<\/span>\r\n\t\t\t\t\r\n\t\t\t<\/div>\r\n\r\n\t\t\t\r\n\t\t\t\r\n\t\t\t\r\n\t\t<\/a>\r\n\r\n\t\t\t\t\t\t<\/div>\n\t\t\t\t<\/div>\n\t\t\t\t\t<\/div>\n\t\t\t\t<\/div>\n\t\t\t\t<\/div>","protected":false},"excerpt":{"rendered":"<p>Flexibilitet genom Villkorat anslutningsavtal Vad \u00e4r ett villkorat anslutningsavtal? Ett villkorat anslutningsavtal eller ett villkorat avtal \u00e4r ett anslutningsavtal som har s\u00e4rskilda villkor f\u00f6r att man ska f\u00e5 ansluta till eln\u00e4tet. Ofta inneb\u00e4r dessa villkor att man som kund inte har r\u00e4tt att utnyttja hela sin anslutna kapacitet under alla \u00e5rets timmar. Det kan ocks\u00e5 [&hellip;]<\/p>\n","protected":false},"author":2,"featured_media":0,"parent":830277,"menu_order":0,"comment_status":"closed","ping_status":"closed","template":"elementor_header_footer","meta":{"footnotes":""},"class_list":["post-1098030","page","type-page","status-publish","hentry"],"yoast_head":"<!-- This site is optimized with the Yoast SEO plugin v27.1.1 - https:\/\/yoast.com\/product\/yoast-seo-wordpress\/ -->\n<title>Villkorat anslutningsavtal - Novion<\/title>\n<meta name=\"robots\" content=\"index, follow, max-snippet:-1, max-image-preview:large, max-video-preview:-1\" \/>\n<link rel=\"canonical\" href=\"https:\/\/www.novion.se\/en\/flexibilitet\/villkorat-anslutningsavtal\/\" \/>\n<meta property=\"og:locale\" content=\"en_GB\" \/>\n<meta property=\"og:type\" content=\"article\" \/>\n<meta property=\"og:title\" content=\"Villkorat anslutningsavtal - Novion\" \/>\n<meta property=\"og:description\" content=\"Flexibilitet genom Villkorat anslutningsavtal Vad \u00e4r ett villkorat anslutningsavtal? Ett villkorat anslutningsavtal eller ett villkorat avtal \u00e4r ett anslutningsavtal som har s\u00e4rskilda villkor f\u00f6r att man ska f\u00e5 ansluta till eln\u00e4tet. Ofta inneb\u00e4r dessa villkor att man som kund inte har r\u00e4tt att utnyttja hela sin anslutna kapacitet under alla \u00e5rets timmar. Det kan ocks\u00e5 [&hellip;]\" \/>\n<meta property=\"og:url\" content=\"https:\/\/www.novion.se\/en\/flexibilitet\/villkorat-anslutningsavtal\/\" \/>\n<meta property=\"og:site_name\" content=\"Novion\" \/>\n<meta property=\"article:modified_time\" content=\"2025-08-08T13:33:49+00:00\" \/>\n<meta name=\"twitter:card\" content=\"summary_large_image\" \/>\n<meta name=\"twitter:label1\" content=\"Estimated reading time\" \/>\n\t<meta name=\"twitter:data1\" content=\"2 minutes\" \/>\n<script type=\"application\/ld+json\" class=\"yoast-schema-graph\">{\"@context\":\"https:\/\/schema.org\",\"@graph\":[{\"@type\":\"WebPage\",\"@id\":\"https:\/\/www.novion.se\/flexibilitet\/villkorat-anslutningsavtal\/\",\"url\":\"https:\/\/www.novion.se\/flexibilitet\/villkorat-anslutningsavtal\/\",\"name\":\"Villkorat anslutningsavtal - Novion\",\"isPartOf\":{\"@id\":\"https:\/\/www.novion.se\/#website\"},\"datePublished\":\"2025-08-01T15:21:21+00:00\",\"dateModified\":\"2025-08-08T13:33:49+00:00\",\"breadcrumb\":{\"@id\":\"https:\/\/www.novion.se\/flexibilitet\/villkorat-anslutningsavtal\/#breadcrumb\"},\"inLanguage\":\"en-GB\",\"potentialAction\":[{\"@type\":\"ReadAction\",\"target\":[\"https:\/\/www.novion.se\/flexibilitet\/villkorat-anslutningsavtal\/\"]}]},{\"@type\":\"BreadcrumbList\",\"@id\":\"https:\/\/www.novion.se\/flexibilitet\/villkorat-anslutningsavtal\/#breadcrumb\",\"itemListElement\":[{\"@type\":\"ListItem\",\"position\":1,\"name\":\"Home\",\"item\":\"https:\/\/www.novion.se\/\"},{\"@type\":\"ListItem\",\"position\":2,\"name\":\"Flexibilitet\",\"item\":\"https:\/\/www.novion.se\/en\/flexibilitet\/\"},{\"@type\":\"ListItem\",\"position\":3,\"name\":\"Villkorat anslutningsavtal\"}]},{\"@type\":\"WebSite\",\"@id\":\"https:\/\/www.novion.se\/#website\",\"url\":\"https:\/\/www.novion.se\/\",\"name\":\"Novion\",\"description\":\"Sustainability through innovation\",\"publisher\":{\"@id\":\"https:\/\/www.novion.se\/#organization\"},\"potentialAction\":[{\"@type\":\"SearchAction\",\"target\":{\"@type\":\"EntryPoint\",\"urlTemplate\":\"https:\/\/www.novion.se\/?s={search_term_string}\"},\"query-input\":{\"@type\":\"PropertyValueSpecification\",\"valueRequired\":true,\"valueName\":\"search_term_string\"}}],\"inLanguage\":\"en-GB\"},{\"@type\":\"Organization\",\"@id\":\"https:\/\/www.novion.se\/#organization\",\"name\":\"Novion\",\"url\":\"https:\/\/www.novion.se\/\",\"logo\":{\"@type\":\"ImageObject\",\"inLanguage\":\"en-GB\",\"@id\":\"https:\/\/www.novion.se\/#\/schema\/logo\/image\/\",\"url\":\"https:\/\/www.novion.se\/wp-content\/uploads\/2023\/06\/novion_transparent.png\",\"contentUrl\":\"https:\/\/www.novion.se\/wp-content\/uploads\/2023\/06\/novion_transparent.png\",\"width\":700,\"height\":300,\"caption\":\"Novion\"},\"image\":{\"@id\":\"https:\/\/www.novion.se\/#\/schema\/logo\/image\/\"}}]}<\/script>\n<!-- \/ Yoast SEO plugin. -->","yoast_head_json":{"title":"Villkorat anslutningsavtal - Novion","robots":{"index":"index","follow":"follow","max-snippet":"max-snippet:-1","max-image-preview":"max-image-preview:large","max-video-preview":"max-video-preview:-1"},"canonical":"https:\/\/www.novion.se\/en\/flexibilitet\/villkorat-anslutningsavtal\/","og_locale":"en_GB","og_type":"article","og_title":"Villkorat anslutningsavtal - Novion","og_description":"Flexibilitet genom Villkorat anslutningsavtal Vad \u00e4r ett villkorat anslutningsavtal? Ett villkorat anslutningsavtal eller ett villkorat avtal \u00e4r ett anslutningsavtal som har s\u00e4rskilda villkor f\u00f6r att man ska f\u00e5 ansluta till eln\u00e4tet. Ofta inneb\u00e4r dessa villkor att man som kund inte har r\u00e4tt att utnyttja hela sin anslutna kapacitet under alla \u00e5rets timmar. Det kan ocks\u00e5 [&hellip;]","og_url":"https:\/\/www.novion.se\/en\/flexibilitet\/villkorat-anslutningsavtal\/","og_site_name":"Novion","article_modified_time":"2025-08-08T13:33:49+00:00","twitter_card":"summary_large_image","twitter_misc":{"Estimated reading time":"2 minutes"},"schema":{"@context":"https:\/\/schema.org","@graph":[{"@type":"WebPage","@id":"https:\/\/www.novion.se\/flexibilitet\/villkorat-anslutningsavtal\/","url":"https:\/\/www.novion.se\/flexibilitet\/villkorat-anslutningsavtal\/","name":"Villkorat anslutningsavtal - Novion","isPartOf":{"@id":"https:\/\/www.novion.se\/#website"},"datePublished":"2025-08-01T15:21:21+00:00","dateModified":"2025-08-08T13:33:49+00:00","breadcrumb":{"@id":"https:\/\/www.novion.se\/flexibilitet\/villkorat-anslutningsavtal\/#breadcrumb"},"inLanguage":"en-GB","potentialAction":[{"@type":"ReadAction","target":["https:\/\/www.novion.se\/flexibilitet\/villkorat-anslutningsavtal\/"]}]},{"@type":"BreadcrumbList","@id":"https:\/\/www.novion.se\/flexibilitet\/villkorat-anslutningsavtal\/#breadcrumb","itemListElement":[{"@type":"ListItem","position":1,"name":"Home","item":"https:\/\/www.novion.se\/"},{"@type":"ListItem","position":2,"name":"Flexibilitet","item":"https:\/\/www.novion.se\/en\/flexibilitet\/"},{"@type":"ListItem","position":3,"name":"Villkorat anslutningsavtal"}]},{"@type":"WebSite","@id":"https:\/\/www.novion.se\/#website","url":"https:\/\/www.novion.se\/","name":"Novion","description":"Sustainability through innovation","publisher":{"@id":"https:\/\/www.novion.se\/#organization"},"potentialAction":[{"@type":"SearchAction","target":{"@type":"EntryPoint","urlTemplate":"https:\/\/www.novion.se\/?s={search_term_string}"},"query-input":{"@type":"PropertyValueSpecification","valueRequired":true,"valueName":"search_term_string"}}],"inLanguage":"en-GB"},{"@type":"Organization","@id":"https:\/\/www.novion.se\/#organization","name":"Novion","url":"https:\/\/www.novion.se\/","logo":{"@type":"ImageObject","inLanguage":"en-GB","@id":"https:\/\/www.novion.se\/#\/schema\/logo\/image\/","url":"https:\/\/www.novion.se\/wp-content\/uploads\/2023\/06\/novion_transparent.png","contentUrl":"https:\/\/www.novion.se\/wp-content\/uploads\/2023\/06\/novion_transparent.png","width":700,"height":300,"caption":"Novion"},"image":{"@id":"https:\/\/www.novion.se\/#\/schema\/logo\/image\/"}}]}},"_links":{"self":[{"href":"https:\/\/www.novion.se\/en\/wp-json\/wp\/v2\/pages\/1098030","targetHints":{"allow":["GET"]}}],"collection":[{"href":"https:\/\/www.novion.se\/en\/wp-json\/wp\/v2\/pages"}],"about":[{"href":"https:\/\/www.novion.se\/en\/wp-json\/wp\/v2\/types\/page"}],"author":[{"embeddable":true,"href":"https:\/\/www.novion.se\/en\/wp-json\/wp\/v2\/users\/2"}],"replies":[{"embeddable":true,"href":"https:\/\/www.novion.se\/en\/wp-json\/wp\/v2\/comments?post=1098030"}],"version-history":[{"count":0,"href":"https:\/\/www.novion.se\/en\/wp-json\/wp\/v2\/pages\/1098030\/revisions"}],"up":[{"embeddable":true,"href":"https:\/\/www.novion.se\/en\/wp-json\/wp\/v2\/pages\/830277"}],"wp:attachment":[{"href":"https:\/\/www.novion.se\/en\/wp-json\/wp\/v2\/media?parent=1098030"}],"curies":[{"name":"wp","href":"https:\/\/api.w.org\/{rel}","templated":true}]}}