{"id":1098012,"date":"2025-08-01T15:13:54","date_gmt":"2025-08-01T15:13:54","guid":{"rendered":"https:\/\/www.novion.se\/?page_id=1098012"},"modified":"2025-08-04T14:39:15","modified_gmt":"2025-08-04T14:39:15","slug":"flexibilitet-stodtjanster","status":"publish","type":"page","link":"https:\/\/www.novion.se\/en\/flexibilitet\/flexibilitet-stodtjanster\/","title":{"rendered":"St\u00f6dtj\u00e4nster"},"content":{"rendered":"<div data-elementor-type=\"wp-page\" data-elementor-id=\"1098012\" class=\"elementor elementor-1098012\" data-elementor-post-type=\"page\">\n\t\t\t\t<div class=\"elementor-element elementor-element-6b4486dd e-con-full e-flex e-con e-parent\" data-id=\"6b4486dd\" data-element_type=\"container\" data-e-type=\"container\" data-settings=\"{&quot;background_background&quot;:&quot;classic&quot;}\">\n\t\t<div class=\"elementor-element elementor-element-5df0235b e-con-full e-flex e-con e-child\" data-id=\"5df0235b\" data-element_type=\"container\" data-e-type=\"container\">\n\t\t\t\t<div class=\"elementor-element elementor-element-43e65a4d elementor-widget__width-initial elementor-widget-tablet__width-inherit elementor-widget elementor-widget-heading\" data-id=\"43e65a4d\" data-element_type=\"widget\" data-e-type=\"widget\" data-widget_type=\"heading.default\">\n\t\t\t\t<div class=\"elementor-widget-container\">\n\t\t\t\t\t<h2 class=\"elementor-heading-title elementor-size-default\">Flexibilitet genom st\u00f6dtj\u00e4nster<\/h2>\t\t\t\t<\/div>\n\t\t\t\t<\/div>\n\t\t\t\t<\/div>\n\t\t\t\t<\/div>\n\t\t<div class=\"elementor-element elementor-element-8e8de70 e-flex e-con-boxed e-con e-parent\" data-id=\"8e8de70\" data-element_type=\"container\" data-e-type=\"container\" data-settings=\"{&quot;background_background&quot;:&quot;classic&quot;}\">\n\t\t\t\t\t<div class=\"e-con-inner\">\n\t\t\t\t<div class=\"elementor-element elementor-element-5a6fdde elementor-widget elementor-widget-spacer\" data-id=\"5a6fdde\" data-element_type=\"widget\" data-e-type=\"widget\" data-widget_type=\"spacer.default\">\n\t\t\t\t<div class=\"elementor-widget-container\">\n\t\t\t\t\t\t\t<div class=\"elementor-spacer\">\n\t\t\t<div class=\"elementor-spacer-inner\"><\/div>\n\t\t<\/div>\n\t\t\t\t\t\t<\/div>\n\t\t\t\t<\/div>\n\t\t\t\t\t<\/div>\n\t\t\t\t<\/div>\n\t\t<div class=\"elementor-element elementor-element-e4fc6b9 e-flex e-con-boxed e-con e-parent\" data-id=\"e4fc6b9\" data-element_type=\"container\" data-e-type=\"container\" data-settings=\"{&quot;background_background&quot;:&quot;classic&quot;}\">\n\t\t\t\t\t<div class=\"e-con-inner\">\n\t\t\t\t<div class=\"elementor-element elementor-element-48628a5 elementor-widget elementor-widget-heading\" data-id=\"48628a5\" data-element_type=\"widget\" data-e-type=\"widget\" data-widget_type=\"heading.default\">\n\t\t\t\t<div class=\"elementor-widget-container\">\n\t\t\t\t\t<h2 class=\"elementor-heading-title elementor-size-default\">Vad \u00e4r St\u00f6dtj\u00e4nster?<\/h2>\t\t\t\t<\/div>\n\t\t\t\t<\/div>\n\t\t\t\t<div class=\"elementor-element elementor-element-38531c7 elementor-widget elementor-widget-text-editor\" data-id=\"38531c7\" data-element_type=\"widget\" data-e-type=\"widget\" data-widget_type=\"text-editor.default\">\n\t\t\t\t<div class=\"elementor-widget-container\">\n\t\t\t\t\t\t\t\t\t<p><span style=\"caret-color: #000000; color: #000000; font-family: -webkit-standard; font-size: medium;\">Kort text som handlar om vad st\u00f6dtj\u00e4nster \u00e4r, att det \u00e4r Svenska kraftn\u00e4t som betalar f\u00f6r det och vad man anv\u00e4nder det till (reglera frekvens)<\/span><\/p>\t\t\t\t\t\t\t\t<\/div>\n\t\t\t\t<\/div>\n\t\t\t\t<div class=\"elementor-element elementor-element-24b70b1 elementor-widget elementor-widget-heading\" data-id=\"24b70b1\" data-element_type=\"widget\" data-e-type=\"widget\" data-widget_type=\"heading.default\">\n\t\t\t\t<div class=\"elementor-widget-container\">\n\t\t\t\t\t<h2 class=\"elementor-heading-title elementor-size-default\">R\u00e4kne-exempel<\/h2>\t\t\t\t<\/div>\n\t\t\t\t<\/div>\n\t\t\t\t<div class=\"elementor-element elementor-element-b772216 elementor-widget elementor-widget-text-editor\" data-id=\"b772216\" data-element_type=\"widget\" data-e-type=\"widget\" data-widget_type=\"text-editor.default\">\n\t\t\t\t<div class=\"elementor-widget-container\">\n\t\t\t\t\t\t\t\t\t<p>Kort f\u00f6rklarat hur mycket pengar man skulle kunna tj\u00e4na p\u00e5 detta<\/p>\t\t\t\t\t\t\t\t<\/div>\n\t\t\t\t<\/div>\n\t\t\t\t<div class=\"elementor-element elementor-element-28f3317 elementor-widget elementor-widget-heading\" data-id=\"28f3317\" data-element_type=\"widget\" data-e-type=\"widget\" data-widget_type=\"heading.default\">\n\t\t\t\t<div class=\"elementor-widget-container\">\n\t\t\t\t\t<h2 class=\"elementor-heading-title elementor-size-default\">Vad kr\u00e4vs f\u00f6r att leverera st\u00f6dtj\u00e4nster?<\/h2>\t\t\t\t<\/div>\n\t\t\t\t<\/div>\n\t\t\t\t<div class=\"elementor-element elementor-element-8c15a33 elementor-widget elementor-widget-text-editor\" data-id=\"8c15a33\" data-element_type=\"widget\" data-e-type=\"widget\" data-widget_type=\"text-editor.default\">\n\t\t\t\t<div class=\"elementor-widget-container\">\n\t\t\t\t\t\t\t\t\t<p>Kort text om vilka krav som finns f\u00f6r att kunna leverera st\u00f6dtj\u00e4nster, samt info om att man kan f\u00e5 hj\u00e4lp av Novion<\/p>\t\t\t\t\t\t\t\t<\/div>\n\t\t\t\t<\/div>\n\t\t\t\t<div class=\"elementor-element elementor-element-9581086 elementor-widget elementor-widget-text-editor\" data-id=\"9581086\" data-element_type=\"widget\" data-e-type=\"widget\" data-widget_type=\"text-editor.default\">\n\t\t\t\t<div class=\"elementor-widget-container\">\n\t\t\t\t\t\t\t\t\t<p>Kontakta oss p\u00e5 info@novion.se eller olof.olsson@novion.se f\u00f6r att f\u00e5 hj\u00e4lp med att b\u00f6rja leverera st\u00f6dtj\u00e4nster. Klicka p\u00e5 n\u00e5gon av knapparna nedan f\u00f6r att l\u00e4sa mer om flexibilitet i eln\u00e4tet<\/p>\t\t\t\t\t\t\t\t<\/div>\n\t\t\t\t<\/div>\n\t\t<div class=\"elementor-element elementor-element-a81b8ec e-con-full e-flex e-con e-child\" data-id=\"a81b8ec\" data-element_type=\"container\" data-e-type=\"container\">\n\t\t\t\t<\/div>\n\t\t\t\t\t<\/div>\n\t\t\t\t<\/div>\n\t\t<div class=\"elementor-element elementor-element-9e45a16 e-grid e-con-boxed e-con e-parent\" data-id=\"9e45a16\" data-element_type=\"container\" data-e-type=\"container\" data-settings=\"{&quot;background_background&quot;:&quot;classic&quot;}\">\n\t\t\t\t\t<div class=\"e-con-inner\">\n\t\t\t\t<div class=\"elementor-element elementor-element-7dbfec8 elementor-widget__width-initial elementor-widget elementor-widget-premium-addon-image-button\" data-id=\"7dbfec8\" data-element_type=\"widget\" data-e-type=\"widget\" data-widget_type=\"premium-addon-image-button.default\">\n\t\t\t\t<div class=\"elementor-widget-container\">\n\t\t\t\t\t\r\n\t\t<a class=\"premium-image-button-style1 premium-image-button premium-btn-lg premium-image-button-style1-bottom\" href=\"https:\/\/www.novion.se\/en\/flexibilitet\/flexibilitet-stodtjanster\/\">\r\n\t\t\t<div class=\"premium-image-button-text-icon-wrapper\">\r\n\r\n\t\t\t\t\r\n\t\t\t\t\t\t\t\t\t<span >\r\n\t\t\t\t\t\tSt\u00f6dtj\u00e4nster\t\t\t\t\t<\/span>\r\n\t\t\t\t\r\n\t\t\t<\/div>\r\n\r\n\t\t\t\r\n\t\t\t\r\n\t\t\t\r\n\t\t<\/a>\r\n\r\n\t\t\t\t\t\t<\/div>\n\t\t\t\t<\/div>\n\t\t\t\t<div class=\"elementor-element elementor-element-4cb43a3 elementor-widget__width-initial elementor-widget elementor-widget-premium-addon-image-button\" data-id=\"4cb43a3\" data-element_type=\"widget\" data-e-type=\"widget\" data-widget_type=\"premium-addon-image-button.default\">\n\t\t\t\t<div class=\"elementor-widget-container\">\n\t\t\t\t\t\r\n\t\t<a class=\"premium-image-button-style1 premium-image-button premium-btn-lg premium-image-button-style1-bottom\" href=\"https:\/\/www.novion.se\/en\/flexibilitet\/lokal-flexibilitetsmarknad\/\">\r\n\t\t\t<div class=\"premium-image-button-text-icon-wrapper\">\r\n\r\n\t\t\t\t\r\n\t\t\t\t\t\t\t\t\t<span >\r\n\t\t\t\t\t\tFlexibilitetsmarknader\t\t\t\t\t<\/span>\r\n\t\t\t\t\r\n\t\t\t<\/div>\r\n\r\n\t\t\t\r\n\t\t\t\r\n\t\t\t\r\n\t\t<\/a>\r\n\r\n\t\t\t\t\t\t<\/div>\n\t\t\t\t<\/div>\n\t\t\t\t<div class=\"elementor-element elementor-element-38c2265 elementor-widget__width-initial elementor-widget elementor-widget-premium-addon-image-button\" data-id=\"38c2265\" data-element_type=\"widget\" data-e-type=\"widget\" data-widget_type=\"premium-addon-image-button.default\">\n\t\t\t\t<div class=\"elementor-widget-container\">\n\t\t\t\t\t\r\n\t\t<a class=\"premium-image-button-style1 premium-image-button premium-btn-lg premium-image-button-style1-bottom\" href=\"https:\/\/www.novion.se\/en\/flexibilitet\/villkorat-anslutningsavtal\/\">\r\n\t\t\t<div class=\"premium-image-button-text-icon-wrapper\">\r\n\r\n\t\t\t\t\r\n\t\t\t\t\t\t\t\t\t<span >\r\n\t\t\t\t\t\tVillkorade Avtal\t\t\t\t\t<\/span>\r\n\t\t\t\t\r\n\t\t\t<\/div>\r\n\r\n\t\t\t\r\n\t\t\t\r\n\t\t\t\r\n\t\t<\/a>\r\n\r\n\t\t\t\t\t\t<\/div>\n\t\t\t\t<\/div>\n\t\t\t\t\t<\/div>\n\t\t\t\t<\/div>\n\t\t<div class=\"elementor-element elementor-element-4f9229e e-flex e-con-boxed e-con e-parent\" data-id=\"4f9229e\" data-element_type=\"container\" data-e-type=\"container\" data-settings=\"{&quot;background_background&quot;:&quot;classic&quot;}\">\n\t\t\t\t\t<div class=\"e-con-inner\">\n\t\t\t\t<div class=\"elementor-element elementor-element-5556551 elementor-widget__width-initial elementor-widget elementor-widget-premium-addon-image-button\" data-id=\"5556551\" data-element_type=\"widget\" data-e-type=\"widget\" data-widget_type=\"premium-addon-image-button.default\">\n\t\t\t\t<div class=\"elementor-widget-container\">\n\t\t\t\t\t\r\n\t\t<a class=\"premium-image-button-style1 premium-image-button premium-btn-lg premium-image-button-style1-bottom\" href=\"https:\/\/www.novion.se\/en\/technologies\/kontakta-oss\/\">\r\n\t\t\t<div class=\"premium-image-button-text-icon-wrapper\">\r\n\r\n\t\t\t\t\r\n\t\t\t\t\t\t\t\t\t<span >\r\n\t\t\t\t\t\tContact us\t\t\t\t\t<\/span>\r\n\t\t\t\t\r\n\t\t\t<\/div>\r\n\r\n\t\t\t\r\n\t\t\t\r\n\t\t\t\r\n\t\t<\/a>\r\n\r\n\t\t\t\t\t\t<\/div>\n\t\t\t\t<\/div>\n\t\t\t\t\t<\/div>\n\t\t\t\t<\/div>\n\t\t\t\t<\/div>","protected":false},"excerpt":{"rendered":"<p>Flexibilitet genom st\u00f6dtj\u00e4nster Vad \u00e4r St\u00f6dtj\u00e4nster? Kort text som handlar om vad st\u00f6dtj\u00e4nster \u00e4r, att det \u00e4r Svenska kraftn\u00e4t som betalar f\u00f6r det och vad man anv\u00e4nder det till (reglera frekvens) R\u00e4kne-exempel Kort f\u00f6rklarat hur mycket pengar man skulle kunna tj\u00e4na p\u00e5 detta Vad kr\u00e4vs f\u00f6r att leverera st\u00f6dtj\u00e4nster? Kort text om vilka krav som [&hellip;]<\/p>\n","protected":false},"author":2,"featured_media":0,"parent":830277,"menu_order":0,"comment_status":"closed","ping_status":"closed","template":"elementor_header_footer","meta":{"footnotes":""},"class_list":["post-1098012","page","type-page","status-publish","hentry"],"yoast_head":"<!-- This site is optimized with the Yoast SEO plugin v27.1.1 - https:\/\/yoast.com\/product\/yoast-seo-wordpress\/ -->\n<title>St\u00f6dtj\u00e4nster - Novion<\/title>\n<meta name=\"robots\" content=\"index, follow, max-snippet:-1, max-image-preview:large, max-video-preview:-1\" \/>\n<link rel=\"canonical\" href=\"https:\/\/www.novion.se\/en\/flexibilitet\/flexibilitet-stodtjanster\/\" \/>\n<meta property=\"og:locale\" content=\"en_GB\" \/>\n<meta property=\"og:type\" content=\"article\" \/>\n<meta property=\"og:title\" content=\"St\u00f6dtj\u00e4nster - Novion\" \/>\n<meta property=\"og:description\" content=\"Flexibilitet genom st\u00f6dtj\u00e4nster Vad \u00e4r St\u00f6dtj\u00e4nster? Kort text som handlar om vad st\u00f6dtj\u00e4nster \u00e4r, att det \u00e4r Svenska kraftn\u00e4t som betalar f\u00f6r det och vad man anv\u00e4nder det till (reglera frekvens) R\u00e4kne-exempel Kort f\u00f6rklarat hur mycket pengar man skulle kunna tj\u00e4na p\u00e5 detta Vad kr\u00e4vs f\u00f6r att leverera st\u00f6dtj\u00e4nster? Kort text om vilka krav som [&hellip;]\" \/>\n<meta property=\"og:url\" content=\"https:\/\/www.novion.se\/en\/flexibilitet\/flexibilitet-stodtjanster\/\" \/>\n<meta property=\"og:site_name\" content=\"Novion\" \/>\n<meta property=\"article:modified_time\" content=\"2025-08-04T14:39:15+00:00\" \/>\n<meta name=\"twitter:card\" content=\"summary_large_image\" \/>\n<meta name=\"twitter:label1\" content=\"Estimated reading time\" \/>\n\t<meta name=\"twitter:data1\" content=\"1 minute\" \/>\n<script type=\"application\/ld+json\" class=\"yoast-schema-graph\">{\"@context\":\"https:\/\/schema.org\",\"@graph\":[{\"@type\":\"WebPage\",\"@id\":\"https:\/\/www.novion.se\/en\/flexibilitet\/flexibilitet-stodtjanster\/\",\"url\":\"https:\/\/www.novion.se\/en\/flexibilitet\/flexibilitet-stodtjanster\/\",\"name\":\"St\u00f6dtj\u00e4nster - Novion\",\"isPartOf\":{\"@id\":\"https:\/\/www.novion.se\/#website\"},\"datePublished\":\"2025-08-01T15:13:54+00:00\",\"dateModified\":\"2025-08-04T14:39:15+00:00\",\"breadcrumb\":{\"@id\":\"https:\/\/www.novion.se\/en\/flexibilitet\/flexibilitet-stodtjanster\/#breadcrumb\"},\"inLanguage\":\"en-GB\",\"potentialAction\":[{\"@type\":\"ReadAction\",\"target\":[\"https:\/\/www.novion.se\/en\/flexibilitet\/flexibilitet-stodtjanster\/\"]}]},{\"@type\":\"BreadcrumbList\",\"@id\":\"https:\/\/www.novion.se\/en\/flexibilitet\/flexibilitet-stodtjanster\/#breadcrumb\",\"itemListElement\":[{\"@type\":\"ListItem\",\"position\":1,\"name\":\"Home\",\"item\":\"https:\/\/www.novion.se\/\"},{\"@type\":\"ListItem\",\"position\":2,\"name\":\"Flexibilitet\",\"item\":\"https:\/\/www.novion.se\/en\/flexibilitet\/\"},{\"@type\":\"ListItem\",\"position\":3,\"name\":\"St\u00f6dtj\u00e4nster\"}]},{\"@type\":\"WebSite\",\"@id\":\"https:\/\/www.novion.se\/#website\",\"url\":\"https:\/\/www.novion.se\/\",\"name\":\"Novion\",\"description\":\"Sustainability through innovation\",\"publisher\":{\"@id\":\"https:\/\/www.novion.se\/#organization\"},\"potentialAction\":[{\"@type\":\"SearchAction\",\"target\":{\"@type\":\"EntryPoint\",\"urlTemplate\":\"https:\/\/www.novion.se\/?s={search_term_string}\"},\"query-input\":{\"@type\":\"PropertyValueSpecification\",\"valueRequired\":true,\"valueName\":\"search_term_string\"}}],\"inLanguage\":\"en-GB\"},{\"@type\":\"Organization\",\"@id\":\"https:\/\/www.novion.se\/#organization\",\"name\":\"Novion\",\"url\":\"https:\/\/www.novion.se\/\",\"logo\":{\"@type\":\"ImageObject\",\"inLanguage\":\"en-GB\",\"@id\":\"https:\/\/www.novion.se\/#\/schema\/logo\/image\/\",\"url\":\"https:\/\/www.novion.se\/wp-content\/uploads\/2023\/06\/novion_transparent.png\",\"contentUrl\":\"https:\/\/www.novion.se\/wp-content\/uploads\/2023\/06\/novion_transparent.png\",\"width\":700,\"height\":300,\"caption\":\"Novion\"},\"image\":{\"@id\":\"https:\/\/www.novion.se\/#\/schema\/logo\/image\/\"}}]}<\/script>\n<!-- \/ Yoast SEO plugin. -->","yoast_head_json":{"title":"St\u00f6dtj\u00e4nster - Novion","robots":{"index":"index","follow":"follow","max-snippet":"max-snippet:-1","max-image-preview":"max-image-preview:large","max-video-preview":"max-video-preview:-1"},"canonical":"https:\/\/www.novion.se\/en\/flexibilitet\/flexibilitet-stodtjanster\/","og_locale":"en_GB","og_type":"article","og_title":"St\u00f6dtj\u00e4nster - Novion","og_description":"Flexibilitet genom st\u00f6dtj\u00e4nster Vad \u00e4r St\u00f6dtj\u00e4nster? Kort text som handlar om vad st\u00f6dtj\u00e4nster \u00e4r, att det \u00e4r Svenska kraftn\u00e4t som betalar f\u00f6r det och vad man anv\u00e4nder det till (reglera frekvens) R\u00e4kne-exempel Kort f\u00f6rklarat hur mycket pengar man skulle kunna tj\u00e4na p\u00e5 detta Vad kr\u00e4vs f\u00f6r att leverera st\u00f6dtj\u00e4nster? Kort text om vilka krav som [&hellip;]","og_url":"https:\/\/www.novion.se\/en\/flexibilitet\/flexibilitet-stodtjanster\/","og_site_name":"Novion","article_modified_time":"2025-08-04T14:39:15+00:00","twitter_card":"summary_large_image","twitter_misc":{"Estimated reading time":"1 minute"},"schema":{"@context":"https:\/\/schema.org","@graph":[{"@type":"WebPage","@id":"https:\/\/www.novion.se\/en\/flexibilitet\/flexibilitet-stodtjanster\/","url":"https:\/\/www.novion.se\/en\/flexibilitet\/flexibilitet-stodtjanster\/","name":"St\u00f6dtj\u00e4nster - Novion","isPartOf":{"@id":"https:\/\/www.novion.se\/#website"},"datePublished":"2025-08-01T15:13:54+00:00","dateModified":"2025-08-04T14:39:15+00:00","breadcrumb":{"@id":"https:\/\/www.novion.se\/en\/flexibilitet\/flexibilitet-stodtjanster\/#breadcrumb"},"inLanguage":"en-GB","potentialAction":[{"@type":"ReadAction","target":["https:\/\/www.novion.se\/en\/flexibilitet\/flexibilitet-stodtjanster\/"]}]},{"@type":"BreadcrumbList","@id":"https:\/\/www.novion.se\/en\/flexibilitet\/flexibilitet-stodtjanster\/#breadcrumb","itemListElement":[{"@type":"ListItem","position":1,"name":"Home","item":"https:\/\/www.novion.se\/"},{"@type":"ListItem","position":2,"name":"Flexibilitet","item":"https:\/\/www.novion.se\/en\/flexibilitet\/"},{"@type":"ListItem","position":3,"name":"St\u00f6dtj\u00e4nster"}]},{"@type":"WebSite","@id":"https:\/\/www.novion.se\/#website","url":"https:\/\/www.novion.se\/","name":"Novion","description":"Sustainability through innovation","publisher":{"@id":"https:\/\/www.novion.se\/#organization"},"potentialAction":[{"@type":"SearchAction","target":{"@type":"EntryPoint","urlTemplate":"https:\/\/www.novion.se\/?s={search_term_string}"},"query-input":{"@type":"PropertyValueSpecification","valueRequired":true,"valueName":"search_term_string"}}],"inLanguage":"en-GB"},{"@type":"Organization","@id":"https:\/\/www.novion.se\/#organization","name":"Novion","url":"https:\/\/www.novion.se\/","logo":{"@type":"ImageObject","inLanguage":"en-GB","@id":"https:\/\/www.novion.se\/#\/schema\/logo\/image\/","url":"https:\/\/www.novion.se\/wp-content\/uploads\/2023\/06\/novion_transparent.png","contentUrl":"https:\/\/www.novion.se\/wp-content\/uploads\/2023\/06\/novion_transparent.png","width":700,"height":300,"caption":"Novion"},"image":{"@id":"https:\/\/www.novion.se\/#\/schema\/logo\/image\/"}}]}},"_links":{"self":[{"href":"https:\/\/www.novion.se\/en\/wp-json\/wp\/v2\/pages\/1098012","targetHints":{"allow":["GET"]}}],"collection":[{"href":"https:\/\/www.novion.se\/en\/wp-json\/wp\/v2\/pages"}],"about":[{"href":"https:\/\/www.novion.se\/en\/wp-json\/wp\/v2\/types\/page"}],"author":[{"embeddable":true,"href":"https:\/\/www.novion.se\/en\/wp-json\/wp\/v2\/users\/2"}],"replies":[{"embeddable":true,"href":"https:\/\/www.novion.se\/en\/wp-json\/wp\/v2\/comments?post=1098012"}],"version-history":[{"count":0,"href":"https:\/\/www.novion.se\/en\/wp-json\/wp\/v2\/pages\/1098012\/revisions"}],"up":[{"embeddable":true,"href":"https:\/\/www.novion.se\/en\/wp-json\/wp\/v2\/pages\/830277"}],"wp:attachment":[{"href":"https:\/\/www.novion.se\/en\/wp-json\/wp\/v2\/media?parent=1098012"}],"curies":[{"name":"wp","href":"https:\/\/api.w.org\/{rel}","templated":true}]}}